{"id":225,"date":"2016-03-01T10:45:52","date_gmt":"2016-03-01T18:45:52","guid":{"rendered":"https:\/\/www.palomar.edu\/tlc-esc\/?page_id=225"},"modified":"2017-10-11T15:03:20","modified_gmt":"2017-10-11T22:03:20","slug":"math-topics-and-resources","status":"publish","type":"page","link":"https:\/\/www.palomar.edu\/tlc-esc\/math-topics-and-resources\/","title":{"rendered":"Math Topics and Resources"},"content":{"rendered":"<p class=\"style9\">\u00a0\u00a0<strong>Math Topics<\/strong><\/p>\n<ul>\n<li>\n<p class=\"style10\"><a href=\"http:\/\/www.youtube.com\/watch?v=jfzR0ALoJz0&amp;feature=email\" target=\"_blank\"><strong>Completing the Square the Fast Way<\/strong><\/a><\/p>\n<\/li>\n<li>\n<p class=\"style10\"><a href=\"http:\/\/www.youtube.com\/watch?v=Rc-rRoGnVeM&amp;feature=email\" target=\"_blank\"><strong>Completing the Square<\/strong><\/a><\/p>\n<\/li>\n<li>\n<p class=\"style10\"><a href=\"http:\/\/www.youtube.com\/watch?v=TcBv5aAaCSY&amp;feature=email\" target=\"_blank\"><strong>Factoring the Fast Way<\/strong><\/a><\/p>\n<\/li>\n<li>\n<p class=\"style10\"><strong><a href=\"http:\/\/www.youtube.com\/watch?v=IDpnNnjFB1c&amp;feature=youtu.be\" target=\"_blank\">Adding and Subtracting Polynomials<\/a><\/strong><\/p>\n<\/li>\n<\/ul>\n<p class=\"style9\"><strong>\u00a0Other Useful Math Resources<\/strong><\/p>\n<ul>\n<li>\n<p class=\"style10\"><strong>Basic Math Concepts Handouts and Videos<\/strong> Palomar College Mathematics Instructor Serena Mercado<\/p>\n<table cellpadding=\"5\">\n<tbody>\n<tr>\n<td>1.<\/td>\n<td>Place Value<\/td>\n<td><a href=\"https:\/\/www.palomar.edu\/tlc-esc\/wp-content\/uploads\/sites\/229\/2016\/03\/Place-Value.pdf\" target=\"_blank\" rel=\"\">Place Value<\/a><\/td>\n<td><a href=\"http:\/\/www.youtube.com\/watch?v=bDNXV2Wa5RI\" target=\"_blank\">Video<\/a><\/td>\n<\/tr>\n<tr>\n<td>2.<\/td>\n<td>Number Sets and Absolute Value<\/td>\n<td><a href=\"https:\/\/www.palomar.edu\/tlc-esc\/wp-content\/uploads\/sites\/229\/2016\/03\/Number-Sets-And-Absolute-Value.pdf\" target=\"_blank\" rel=\"\">Number Sets And Absolute Value<\/a><\/td>\n<td><a href=\"https:\/\/youtu.be\/C7crtkecfPA\" target=\"_blank\">Video<\/a><\/td>\n<\/tr>\n<tr>\n<td>3.<\/td>\n<td>Adding Whole Numbers<\/td>\n<td><a href=\"https:\/\/www.palomar.edu\/tlc-esc\/wp-content\/uploads\/sites\/229\/2016\/03\/Adding-Whole-Numbers.pdf\" target=\"_blank\" rel=\"\">Adding Whole Numbers<\/a><\/td>\n<td><a href=\"https:\/\/youtu.be\/n4MkSQZ5xKA\" target=\"_blank\">Video<\/a><\/td>\n<\/tr>\n<tr>\n<td>4.<\/td>\n<td>Multiplying Whole Numbers<\/td>\n<td><a href=\"https:\/\/www.palomar.edu\/tlc-esc\/wp-content\/uploads\/sites\/229\/2016\/03\/Multiplying-Whole-Numbers.pdf\" target=\"_blank\" rel=\"\">Multiplying Whole Numbers<\/a><\/td>\n<td><a href=\"https:\/\/youtu.be\/TetikrBN3zk\" target=\"_blank\">Video<\/a><\/td>\n<\/tr>\n<\/tbody>\n<\/table>\n<\/li>\n<li>\n<p class=\"style10\"><strong><a href=\"http:\/\/www.csusm.edu\/mathlab\/studentresources\/handouts.html\" target=\"_blank\">Math Topics Handouts<\/a><\/strong> California State University San Marcos (CSUSM) Math Lab<\/p>\n<\/li>\n<li>\n<p class=\"style10\"><strong><a href=\"http:\/\/www.khanacademy.org\/\" target=\"_blank\">Khan Academy<\/a><\/strong><\/p>\n<\/li>\n<li>\n<p class=\"style10\"><strong><a href=\"http:\/\/www.tareasplus.com\/\" target=\"_blank\">Tareas Plus<\/a> &#8211; <\/strong>Matem\u00e1ticas | Qu\u00edmica | F\u00edsica &#8211; Aprende con Videos &#8211; Tutoriales Gratis<\/p>\n<\/li>\n<\/ul>\n","protected":false},"excerpt":{"rendered":"<p>\u00a0\u00a0Math Topics Completing the Square the Fast Way Completing the Square Factoring the Fast Way Adding and Subtracting Polynomials \u00a0Other Useful Math Resources Basic Math Concepts Handouts and Videos Palomar&hellip; <a class=\"continue\" href=\"https:\/\/www.palomar.edu\/tlc-esc\/math-topics-and-resources\/\">Continue Reading<span> Math Topics and Resources<\/span><\/a><\/p>\n","protected":false},"author":515,"featured_media":0,"parent":0,"menu_order":0,"comment_status":"closed","ping_status":"closed","template":"","meta":{"_acf_changed":false,"jetpack_post_was_ever_published":false,"footnotes":""},"class_list":["post-225","page","type-page","status-publish","hentry"],"acf":[],"jetpack_sharing_enabled":true,"jetpack_shortlink":"https:\/\/wp.me\/P6Sp8G-3D","_links":{"self":[{"href":"https:\/\/www.palomar.edu\/tlc-esc\/wp-json\/wp\/v2\/pages\/225","targetHints":{"allow":["GET"]}}],"collection":[{"href":"https:\/\/www.palomar.edu\/tlc-esc\/wp-json\/wp\/v2\/pages"}],"about":[{"href":"https:\/\/www.palomar.edu\/tlc-esc\/wp-json\/wp\/v2\/types\/page"}],"author":[{"embeddable":true,"href":"https:\/\/www.palomar.edu\/tlc-esc\/wp-json\/wp\/v2\/users\/515"}],"replies":[{"embeddable":true,"href":"https:\/\/www.palomar.edu\/tlc-esc\/wp-json\/wp\/v2\/comments?post=225"}],"version-history":[{"count":8,"href":"https:\/\/www.palomar.edu\/tlc-esc\/wp-json\/wp\/v2\/pages\/225\/revisions"}],"predecessor-version":[{"id":1597,"href":"https:\/\/www.palomar.edu\/tlc-esc\/wp-json\/wp\/v2\/pages\/225\/revisions\/1597"}],"wp:attachment":[{"href":"https:\/\/www.palomar.edu\/tlc-esc\/wp-json\/wp\/v2\/media?parent=225"}],"curies":[{"name":"wp","href":"https:\/\/api.w.org\/{rel}","templated":true}]}}