{"id":211,"date":"2016-03-01T10:26:44","date_gmt":"2016-03-01T18:26:44","guid":{"rendered":"https:\/\/www.palomar.edu\/tlc-esc\/?page_id=211"},"modified":"2018-10-09T18:33:39","modified_gmt":"2018-10-10T01:33:39","slug":"esl","status":"publish","type":"page","link":"https:\/\/www.palomar.edu\/tlc-esc\/esl\/","title":{"rendered":"ESL Practice"},"content":{"rendered":"<h3>Listening Practice<\/h3>\n<ul>\n<li><a href=\"http:\/\/www.learner.org\/resources\/series71.html?pop=yes&amp;pid=942\" target=\"_blank\" rel=\"noopener\">Connect with English<\/a> ESL video instructional series; 50 fifteen-minute video programs<\/li>\n<li><a href=\"http:\/\/palomar.libguides.com\/eslvideos\" target=\"_blank\" rel=\"noopener\">ESL Resources through the Palomar Library &#8211; Listening and video lessons<\/a><\/li>\n<li><a href=\"http:\/\/www.manythings.org\/audio\/sentences\/\" target=\"_blank\" rel=\"noopener\">English Sentences with Audio<\/a><\/li>\n<li><a href=\"http:\/\/www.rong-chang.com\/easykids\/\" target=\"_blank\" rel=\"noopener\">English for Children<\/a> (Easy)<\/li>\n<li><a href=\"http:\/\/www.eslfast.com\/robot\/\" target=\"_blank\" rel=\"noopener\">Easy Conversations for ESL\/EFL Beginners<\/a> (Easy to Medium)<\/li>\n<li><a href=\"http:\/\/www.5minuteenglish.com\/listening.htm\" target=\"_blank\" rel=\"noopener\">5 Minute English \u2013 Listening Lessons<\/a> (Easy to Medium)<\/li>\n<li><a href=\"http:\/\/esl-lab.com\/\" target=\"_blank\" rel=\"noopener\">Randall\u2019 ESL Cyber Listening Lab<\/a> (Easy to Advanced)<\/li>\n<li><a href=\"http:\/\/www.npr.org\/series\/4516989\/storycorps\" target=\"_blank\" rel=\"noopener\">StoryCorp<\/a> (Advanced)<\/li>\n<li><a href=\"http:\/\/www.manythings.org\/listen\/\" target=\"_blank\" rel=\"noopener\">Listen and Read Along<\/a> (Advanced)<\/li>\n<li><a href=\"http:\/\/www.manythings.org\/voa\/stories\/\" target=\"_blank\" rel=\"noopener\">American Stories for English Learners<\/a> (Advanced)<\/li>\n<li><a href=\"http:\/\/learningenglish.voanews.com\/\" target=\"_blank\" rel=\"noopener\">VOA Learning English<\/a> (Advanced)<\/li>\n<li><a href=\"https:\/\/basicenglishspeaking.com\/\" target=\"_blank\" rel=\"noopener\">Basic English Speaking<\/a> (Easy to Advanced)<\/li>\n<\/ul>\n<h3>Grammar<\/h3>\n<ul>\n<li><a href=\"https:\/\/www.palomar.edu\/tlc-esc\/wp-content\/uploads\/sites\/229\/2016\/03\/BasicESLGrammar.pdf\" target=\"_blank\" rel=\"noopener\">Gram\u00e1tica B\u00e1sica de ESL: \u201cIngl\u00e9s como segundo idioma\u201d<\/a>\u00a0~\u00a0ESL Basic Grammar for Spanish-speaking students by Patricia<\/li>\n<\/ul>\n<h3>Reading<\/h3>\n<ul>\n<li><a href=\"http:\/\/www.cdlponline.org\/\" target=\"_blank\" rel=\"noopener\">California Distance Learning Project<\/a> &#8211; short news stories + audio<\/li>\n<li><a style=\"font-size: inherit;background-color: #fefefe\" href=\"https:\/\/www.palomar.edu\/tlc-esc\/direct-learning-activities\/\" target=\"_blank\" rel=\"noopener\">Directed Learning Activities Links<\/a><\/li>\n<li><a style=\"font-size: inherit;background-color: #fefefe\" href=\"https:\/\/youtu.be\/K3CYqu4Xlxg\" target=\"_blank\" rel=\"noopener\">\u00bfQu\u00e9 es el INEA?<\/a><span style=\"font-size: inherit\"> &#8211; Una Instituci\u00f3n educativa que atiende a personas mayores de 15 a\u00f1os que por alguna situaci\u00f3n no tuvieron la oportunidad de aprender a leer o a escribir.<\/span><\/li>\n<\/ul>\n<p>&nbsp;<\/p>\n","protected":false},"excerpt":{"rendered":"<p>Listening Practice Connect with English ESL video instructional series; 50 fifteen-minute video programs ESL Resources through the Palomar Library &#8211; Listening and video lessons English Sentences with Audio English for&hellip; <a class=\"continue\" href=\"https:\/\/www.palomar.edu\/tlc-esc\/esl\/\">Continue Reading<span> ESL Practice<\/span><\/a><\/p>\n","protected":false},"author":515,"featured_media":0,"parent":0,"menu_order":0,"comment_status":"closed","ping_status":"closed","template":"","meta":{"_acf_changed":false,"jetpack_post_was_ever_published":false,"footnotes":""},"class_list":["post-211","page","type-page","status-publish","hentry"],"acf":[],"jetpack_sharing_enabled":true,"jetpack_shortlink":"https:\/\/wp.me\/P6Sp8G-3p","_links":{"self":[{"href":"https:\/\/www.palomar.edu\/tlc-esc\/wp-json\/wp\/v2\/pages\/211","targetHints":{"allow":["GET"]}}],"collection":[{"href":"https:\/\/www.palomar.edu\/tlc-esc\/wp-json\/wp\/v2\/pages"}],"about":[{"href":"https:\/\/www.palomar.edu\/tlc-esc\/wp-json\/wp\/v2\/types\/page"}],"author":[{"embeddable":true,"href":"https:\/\/www.palomar.edu\/tlc-esc\/wp-json\/wp\/v2\/users\/515"}],"replies":[{"embeddable":true,"href":"https:\/\/www.palomar.edu\/tlc-esc\/wp-json\/wp\/v2\/comments?post=211"}],"version-history":[{"count":13,"href":"https:\/\/www.palomar.edu\/tlc-esc\/wp-json\/wp\/v2\/pages\/211\/revisions"}],"predecessor-version":[{"id":2068,"href":"https:\/\/www.palomar.edu\/tlc-esc\/wp-json\/wp\/v2\/pages\/211\/revisions\/2068"}],"wp:attachment":[{"href":"https:\/\/www.palomar.edu\/tlc-esc\/wp-json\/wp\/v2\/media?parent=211"}],"curies":[{"name":"wp","href":"https:\/\/api.w.org\/{rel}","templated":true}]}}