{"id":991,"date":"2020-05-28T10:05:40","date_gmt":"2020-05-28T17:05:40","guid":{"rendered":"https:\/\/www.palomar.edu\/schedule\/?page_id=991"},"modified":"2025-09-22T16:29:31","modified_gmt":"2025-09-22T23:29:31","slug":"informacion-en-espanol","status":"publish","type":"page","link":"https:\/\/www.palomar.edu\/schedule\/informacion-en-espanol\/","title":{"rendered":"Informaci\u00f3n en espa\u00f1ol"},"content":{"rendered":"\n<h2 class=\"wp-block-heading\"><span lang=\"es\"><bdo lang=\"es\" dir=\"ltr\">Oportunidades educativas<\/bdo><\/span><\/h2>\n\n\n\n<p><span lang=\"es\">Informaci\u00f3n en espa\u00f1ol. Palomar College es una universidad comunitaria que cubre los primeros dos a\u00f1os de estudios post-secundarios. Fue fundada en 1946 y ofrece a los estudiantes la oportunidad de obtener el t\u00edtulo de Asociado en Artes (AA degree); de transferir cr\u00e9ditos acad\u00e9micos a las universidades de California (UC) y a las universidades estatales de California (CSU), y a otras universidades. Palomar College ofrece certificados de estudios vocacionales en varios programas.<\/span><\/p>\n\n\n\n<p><span lang=\"es\"><bdo lang=\"es\" dir=\"ltr\">Palomar College tiene como misi\u00f3n servir a todos los residentes que viven dentro del distrito que le pertenece.<\/bdo><\/span><\/p>\n\n\n\n<h2 class=\"wp-block-heading\"><span lang=\"es\"><bdo lang=\"es\" dir=\"ltr\">Para inscribirse en Palomar College, siga las siguientes instrucciones<\/bdo><bdo lang=\"es\" dir=\"ltr\">:<\/bdo><\/span><\/h2>\n\n\n\n<ol class=\"wp-block-list\">\n<li><span lang=\"es\"><bdo lang=\"es\" dir=\"ltr\">La oficina de registros administrativos (Admissions and Records) tiene la responsabilidad de admitir e inscribir a todo estudiante elegible. Obtenga su formulario, ll\u00e9nelo y devu\u00e9lvalo a cualquiera de nuestros centros. Haga una cita para asistir a una de nuestras orientaciones. Llame a cualquiera de los siguientes centros:<\/bdo><\/span>\n<ol class=\"wp-block-list\">\n<li>San Marcos Campus: (760) 744-1150, ext. 2160<\/li>\n\n\n\n<li><span lang=\"es\">Escondido Education Center: (760) 432-0624<\/span><\/li>\n\n\n\n<li>Rancho Bernardo Center: (760) 744-1150, ext. 8664<\/li>\n\n\n\n<li>Fallbrook Education Center: (760) 744-1150, ext. 8464<\/li>\n\n\n\n<li>Camp Pendleton Site: (760) 725-6626<\/li>\n<\/ol>\n<\/li>\n\n\n\n<li><span lang=\"es\"><bdo lang=\"es\" dir=\"ltr\">Haga una cita para recibir informaci\u00f3n sobre los programas y clases que ofrece Palomar College. Llame al 760-744-1150, extensi\u00f3n 2179 para m\u00e1s informaci\u00f3n.<\/bdo><\/span><\/li>\n\n\n\n<li><span lang=\"es\"><bdo lang=\"es\" dir=\"ltr\">Matric\u00falese en Palomar y pague los costos m\u00ednimos de inscripci\u00f3n por cada clase. Recibir\u00e1 su colocaci\u00f3n inicial de matem\u00e1ticas e ingl\u00e9s a trav\u00e9s del proceso de la solicitud. Si tiene inquietudes sobre su colocaci\u00f3n, puede comunicarse con la Oficina de Evaluaci\u00f3n al 760-744-1150, extensi\u00f3n 2182 para obtener m\u00e1s informaci\u00f3n.<\/bdo><\/span><\/li>\n<\/ol>\n\n\n\n<p><span lang=\"es\"><bdo lang=\"es\" dir=\"ltr\">Nota: La mayor\u00eda de las clases en Palomar se ofrecen en ingl\u00e9s. Ofrecemos varios niveles de ingl\u00e9s como segundo idioma (ESL). Para m\u00e1s informaci\u00f3n sobre las clases de ingl\u00e9s (ESL), llame al 760-744-1150, extensi\u00f3n 2272.<\/bdo><\/span><\/p>\n\n\n\n<h2 class=\"wp-block-heading\"><span lang=\"es\"><bdo lang=\"es\" dir=\"ltr\">\u00a1NO ESPERE!<\/bdo><\/span><\/h2>\n\n\n\n<p><span lang=\"es\"><bdo lang=\"es\" dir=\"ltr\">Llame al Departamento de Consejeros al 760-744-1150, extensi\u00f3n 2179 y haga una cita con un consejero hispanohablante.<\/bdo><\/span><\/p>\n\n\n\n<p><span lang=\"es\"><bdo lang=\"es\" dir=\"ltr\">Hay ayuda financiera disponible para todos los estudiantes elegibles. Hay varios programas y becas para pagar sus gastos educativos. Para m\u00e1s informaci\u00f3n, comun\u00edquese con la Oficina de Ayuda Financiera en San Marcos llamando al 760-744-1150, extensi\u00f3n 2366.<\/bdo><span lang=\"es\"><\/span><\/span><\/p>\n\n\n\n<h2 class=\"wp-block-heading\"><span lang=\"es\"><bdo lang=\"es\" dir=\"ltr\">Inscripciones abiertas<\/bdo><\/span><\/h2>\n\n\n\n<p><span lang=\"es\"><bdo lang=\"es\" dir=\"ltr\">Las inscripciones para ingl\u00e9s como segundo idioma (ESL), para clases por la ma\u00f1ana y por la tarde est\u00e1n en proceso. Para m\u00e1s informaci\u00f3n sobre el examen e inscripci\u00f3n, por favor, llame inmediatamente a la oficina de ESL, extensi\u00f3n 2272. Las clases se llenan muy r\u00e1pido.<\/bdo><\/span><\/p>\n","protected":false},"excerpt":{"rendered":"<p>Oportunidades educativas Informaci\u00f3n en espa\u00f1ol. Palomar College es una universidad comunitaria que cubre los primeros dos a\u00f1os de estudios post-secundarios. Fue fundada en 1946 y ofrece a los estudiantes la oportunidad de obtener el t\u00edtulo de Asociado en Artes (AA degree); de transferir cr\u00e9ditos acad\u00e9micos a las universidades de California (UC) y a las universidades&hellip; <a class=\"continue\" href=\"https:\/\/www.palomar.edu\/schedule\/informacion-en-espanol\/\">Continue Reading<span> Informaci\u00f3n en espa\u00f1ol<\/span><\/a><\/p>\n","protected":false},"author":402,"featured_media":0,"parent":0,"menu_order":0,"comment_status":"closed","ping_status":"closed","template":"","meta":{"_acf_changed":false,"footnotes":""},"class_list":["post-991","page","type-page","status-publish","hentry"],"acf":[],"yoast_head":"<!-- This site is optimized with the Yoast SEO plugin v27.4 - https:\/\/yoast.com\/product\/yoast-seo-wordpress\/ -->\n<title>Informaci\u00f3n en espa\u00f1ol - Palomar College Class Schedule<\/title>\n<meta name=\"robots\" content=\"index, follow, max-snippet:-1, max-image-preview:large, max-video-preview:-1\" \/>\n<link rel=\"canonical\" href=\"https:\/\/www.palomar.edu\/schedule\/informacion-en-espanol\/\" \/>\n<meta property=\"og:locale\" content=\"en_US\" \/>\n<meta property=\"og:type\" content=\"article\" \/>\n<meta property=\"og:title\" content=\"Informaci\u00f3n en espa\u00f1ol - Palomar College Class Schedule\" \/>\n<meta property=\"og:description\" content=\"Oportunidades educativas Informaci\u00f3n en espa\u00f1ol. Palomar College es una universidad comunitaria que cubre los primeros dos a\u00f1os de estudios post-secundarios. Fue fundada en 1946 y ofrece a los estudiantes la oportunidad de obtener el t\u00edtulo de Asociado en Artes (AA degree); de transferir cr\u00e9ditos acad\u00e9micos a las universidades de California (UC) y a las universidades&hellip; Continue Reading Informaci\u00f3n en espa\u00f1ol\" \/>\n<meta property=\"og:url\" content=\"https:\/\/www.palomar.edu\/schedule\/informacion-en-espanol\/\" \/>\n<meta property=\"og:site_name\" content=\"Palomar College Class Schedule\" \/>\n<meta property=\"article:modified_time\" content=\"2025-09-22T23:29:31+00:00\" \/>\n<meta name=\"twitter:card\" content=\"summary_large_image\" \/>\n<meta name=\"twitter:label1\" content=\"Est. reading time\" \/>\n\t<meta name=\"twitter:data1\" content=\"2 minutes\" \/>\n<script type=\"application\/ld+json\" class=\"yoast-schema-graph\">{\"@context\":\"https:\\\/\\\/schema.org\",\"@graph\":[{\"@type\":\"WebPage\",\"@id\":\"https:\\\/\\\/www.palomar.edu\\\/schedule\\\/informacion-en-espanol\\\/\",\"url\":\"https:\\\/\\\/www.palomar.edu\\\/schedule\\\/informacion-en-espanol\\\/\",\"name\":\"Informaci\u00f3n en espa\u00f1ol - Palomar College Class Schedule\",\"isPartOf\":{\"@id\":\"https:\\\/\\\/www.palomar.edu\\\/schedule\\\/#website\"},\"datePublished\":\"2020-05-28T17:05:40+00:00\",\"dateModified\":\"2025-09-22T23:29:31+00:00\",\"breadcrumb\":{\"@id\":\"https:\\\/\\\/www.palomar.edu\\\/schedule\\\/informacion-en-espanol\\\/#breadcrumb\"},\"inLanguage\":\"en-US\",\"potentialAction\":[{\"@type\":\"ReadAction\",\"target\":[\"https:\\\/\\\/www.palomar.edu\\\/schedule\\\/informacion-en-espanol\\\/\"]}]},{\"@type\":\"BreadcrumbList\",\"@id\":\"https:\\\/\\\/www.palomar.edu\\\/schedule\\\/informacion-en-espanol\\\/#breadcrumb\",\"itemListElement\":[{\"@type\":\"ListItem\",\"position\":1,\"name\":\"Home\",\"item\":\"https:\\\/\\\/www.palomar.edu\\\/schedule\\\/\"},{\"@type\":\"ListItem\",\"position\":2,\"name\":\"Informaci\u00f3n en espa\u00f1ol\"}]},{\"@type\":\"WebSite\",\"@id\":\"https:\\\/\\\/www.palomar.edu\\\/schedule\\\/#website\",\"url\":\"https:\\\/\\\/www.palomar.edu\\\/schedule\\\/\",\"name\":\"Palomar College Class Schedule\",\"description\":\"\",\"potentialAction\":[{\"@type\":\"SearchAction\",\"target\":{\"@type\":\"EntryPoint\",\"urlTemplate\":\"https:\\\/\\\/www.palomar.edu\\\/schedule\\\/?s={search_term_string}\"},\"query-input\":{\"@type\":\"PropertyValueSpecification\",\"valueRequired\":true,\"valueName\":\"search_term_string\"}}],\"inLanguage\":\"en-US\"}]}<\/script>\n<!-- \/ Yoast SEO plugin. -->","yoast_head_json":{"title":"Informaci\u00f3n en espa\u00f1ol - Palomar College Class Schedule","robots":{"index":"index","follow":"follow","max-snippet":"max-snippet:-1","max-image-preview":"max-image-preview:large","max-video-preview":"max-video-preview:-1"},"canonical":"https:\/\/www.palomar.edu\/schedule\/informacion-en-espanol\/","og_locale":"en_US","og_type":"article","og_title":"Informaci\u00f3n en espa\u00f1ol - Palomar College Class Schedule","og_description":"Oportunidades educativas Informaci\u00f3n en espa\u00f1ol. Palomar College es una universidad comunitaria que cubre los primeros dos a\u00f1os de estudios post-secundarios. Fue fundada en 1946 y ofrece a los estudiantes la oportunidad de obtener el t\u00edtulo de Asociado en Artes (AA degree); de transferir cr\u00e9ditos acad\u00e9micos a las universidades de California (UC) y a las universidades&hellip; Continue Reading Informaci\u00f3n en espa\u00f1ol","og_url":"https:\/\/www.palomar.edu\/schedule\/informacion-en-espanol\/","og_site_name":"Palomar College Class Schedule","article_modified_time":"2025-09-22T23:29:31+00:00","twitter_card":"summary_large_image","twitter_misc":{"Est. reading time":"2 minutes"},"schema":{"@context":"https:\/\/schema.org","@graph":[{"@type":"WebPage","@id":"https:\/\/www.palomar.edu\/schedule\/informacion-en-espanol\/","url":"https:\/\/www.palomar.edu\/schedule\/informacion-en-espanol\/","name":"Informaci\u00f3n en espa\u00f1ol - Palomar College Class Schedule","isPartOf":{"@id":"https:\/\/www.palomar.edu\/schedule\/#website"},"datePublished":"2020-05-28T17:05:40+00:00","dateModified":"2025-09-22T23:29:31+00:00","breadcrumb":{"@id":"https:\/\/www.palomar.edu\/schedule\/informacion-en-espanol\/#breadcrumb"},"inLanguage":"en-US","potentialAction":[{"@type":"ReadAction","target":["https:\/\/www.palomar.edu\/schedule\/informacion-en-espanol\/"]}]},{"@type":"BreadcrumbList","@id":"https:\/\/www.palomar.edu\/schedule\/informacion-en-espanol\/#breadcrumb","itemListElement":[{"@type":"ListItem","position":1,"name":"Home","item":"https:\/\/www.palomar.edu\/schedule\/"},{"@type":"ListItem","position":2,"name":"Informaci\u00f3n en espa\u00f1ol"}]},{"@type":"WebSite","@id":"https:\/\/www.palomar.edu\/schedule\/#website","url":"https:\/\/www.palomar.edu\/schedule\/","name":"Palomar College Class Schedule","description":"","potentialAction":[{"@type":"SearchAction","target":{"@type":"EntryPoint","urlTemplate":"https:\/\/www.palomar.edu\/schedule\/?s={search_term_string}"},"query-input":{"@type":"PropertyValueSpecification","valueRequired":true,"valueName":"search_term_string"}}],"inLanguage":"en-US"}]}},"_links":{"self":[{"href":"https:\/\/www.palomar.edu\/schedule\/wp-json\/wp\/v2\/pages\/991","targetHints":{"allow":["GET"]}}],"collection":[{"href":"https:\/\/www.palomar.edu\/schedule\/wp-json\/wp\/v2\/pages"}],"about":[{"href":"https:\/\/www.palomar.edu\/schedule\/wp-json\/wp\/v2\/types\/page"}],"author":[{"embeddable":true,"href":"https:\/\/www.palomar.edu\/schedule\/wp-json\/wp\/v2\/users\/402"}],"replies":[{"embeddable":true,"href":"https:\/\/www.palomar.edu\/schedule\/wp-json\/wp\/v2\/comments?post=991"}],"version-history":[{"count":12,"href":"https:\/\/www.palomar.edu\/schedule\/wp-json\/wp\/v2\/pages\/991\/revisions"}],"predecessor-version":[{"id":1470,"href":"https:\/\/www.palomar.edu\/schedule\/wp-json\/wp\/v2\/pages\/991\/revisions\/1470"}],"wp:attachment":[{"href":"https:\/\/www.palomar.edu\/schedule\/wp-json\/wp\/v2\/media?parent=991"}],"curies":[{"name":"wp","href":"https:\/\/api.w.org\/{rel}","templated":true}]}}