{"id":167,"date":"2016-07-05T10:13:06","date_gmt":"2016-07-05T17:13:06","guid":{"rendered":"https:\/\/www.palomar.edu\/police\/?page_id=167"},"modified":"2025-11-18T14:57:43","modified_gmt":"2025-11-18T22:57:43","slug":"parking-permits-student","status":"publish","type":"page","link":"https:\/\/www.palomar.edu\/police\/parking-permits-student\/","title":{"rendered":"Contactless Parking Permits Student"},"content":{"rendered":"<h2><span style=\"color: #00ccff\">Spring Parking Permits 2026<\/span><\/h2>\n<h2><em>The 2026 spring student parking permits will be available for purchase through the MyPalomar student account starting December 1, 2025.<br \/>If you have any further questions, please contact Candy Santos (<a href=\"mailto:csantos@palomar.edu\">csantos@palomar.edu<\/a>).<\/em><\/h2>\n<p><b><\/b><b><\/b><b><\/b>Effective June 3, 2019, Parking Services will introduce a contactless parking digital system for purchasing parking permits on all Palomar College campuses.<\/p>\n<p>Palomar College has partnered with the Phoenix Group to offer students enhanced customer service with a 24-hour digital platform to purchase permits online. The system allows for up to 5 vehicles to be \u201cregistered\u201d to one student. The license plate number will act as the parking permit eliminating the need for a physical permit to be displayed in the vehicle. Students will no longer need to move a permit from one vehicle to another. However, students are only allowed to have one vehicle registered to them parked on campus at any time.<\/p>\n<p>To accommodate daily and hourly parking, Park Mobile will offer a mobile app to complete transactions and add \u201ctime\u201d to hourly permits.<\/p>\n<p>ParkMobile is a new feature to Palomar College digital parking system. ParkMobile will accommodate daily and hourly parking on all of Palomar College campuses. This will be the only system for daily and hourly parking at the Rancho Bernardo and Fallbrook Centers. At San Marcos and Escondido, students may still purchase a daily permit from the permit machines with cash or credit card. Users will be purchasing daily and hourly parking through the ParkMobile app. Once the app is open, the user will need insert a Zone Number. The Zone Number will identify which campus the user will be parking. Zone Number signage will be on displayed throughout the lots of each campus. ParkMobile Zone Numbers have been generated for each of the Palomar College campuses.<\/p>\n<p>ParkMobile Zone Numbers<\/p>\n<p>7510 San Marcos Campus<\/p>\n<p>7511 Escondido Campus<\/p>\n<p>7512 Fallbrook Campus<\/p>\n<p>7513 Rancho Bernardo Campus<\/p>\n<p>7514 San Marcos Campus Visitor (lots 1 &amp; 2)<\/p>\n<p>ParkMobile Rates:<\/p>\n<p>$1.00 Per Hour<\/p>\n<p>$5.00 Daily Permit (0600 Hours &#8211; 2300 Hours)<\/p>\n<p>In May of 2018, the Governing Board approved a semester parking rate increase to cover the cost of the enhanced system. The new fees are $46 for fall and spring semester permit, $34 for summer semester permit and $26 with a CCPG Waiver.<\/p>\n<p>Staff has transition to digital permits.<\/p>\n<p>If you have any questions, you may contact Candy Santos, Parking Specialist for Campus Police, at 760-744-1150 ext.3289.<\/p>\n<h2><strong>Los permisos de estacionamiento est\u00e1n disponibles a trav\u00e9s de My Palomar Account.<\/strong><\/h2>\n<p>A partir del 3 de junio de 2019, Parking Services presentar\u00e1 un sistema digital para la compra de permisos de estacionamiento en todos los centros de Palomar College.<\/p>\n<p>Palomar College se ha asociado con Phoenix Group para ofrecer a los estudiantes un mejor servicio al cliente con una plataforma digital de 24 horas para comprar permisos en l\u00ednea. El sistema permite que se registren hasta 5 veh\u00edculos por estudiante. El n\u00famero de placa de la licencia actuar\u00e1 como el permiso de estacionamiento, eliminando la necesidad de que se muestre un permiso f\u00edsico en el veh\u00edculo. Los estudiantes ya no necesitar\u00e1n mover su permiso de un veh\u00edculo a otro. Sin embargo, a los estudiantes solo se les permitir\u00e1 tener un veh\u00edculo registrado a su nombre estacionado en la escuela en cualquier momento.<\/p>\n<p>Para implementar el estacionamiento diario y por hora, Park Mobile ofrecer\u00e1 una aplicaci\u00f3n m\u00f3vil para completar transacciones y agregar \u201ctiempo\u201d a los permisos por hora. Este ser\u00e1 el \u00fanico sistema en los Centros Rancho Bernardo y Fallbrook. En San Marcos y Escondido, los estudiantes a\u00fan pueden comprar un permiso diario en efectivo o con tarjeta de cr\u00e9dito. Los parqu\u00edmetros tambi\u00e9n est\u00e1n disponibles en los estacionamientos 1 y 2 en el centro de San Marcos.<\/p>\n<p>En mayo de 2018, la Junta de Gobierno aprob\u00f3 un aumento de la tarifa de estacionamiento por semestre para cubrir el costo del sistema mejorado. Las nuevas tarifas son de $46 por un permiso durante el semestre de oto\u00f1o y primavera, $34 por un permiso durante el semestre de verano y de $26 con una exenci\u00f3n de CCPG.<br \/>El personal ya obtiene permiso digital.<br \/>Si tiene alguna pregunta, puede comunicarse con Candy Santos, especialista en estacionamiento de la Polic\u00eda de la escuela, al 760-744-1150 ext.3289<\/p>\n<p>To view step by step instruction on <strong>how to purchase a permit<\/strong>, view <a href=\"https:\/\/www.palomar.edu\/police\/wp-content\/uploads\/sites\/86\/2025\/02\/How-to-Purchase-Permit-Palomar-STUDENT.pdf\">Digital Parking for students.<\/a><\/p>\n<p>Para ver instrucciones paso a paso como <strong>comprar un permiso de estacionamiento<\/strong>, ver <a href=\"https:\/\/www.palomar.edu\/police\/wp-content\/uploads\/sites\/86\/2025\/02\/How-to-Purchase-Permit-Palomar-SPANISH-STUDENT.pdf\">Permiso Digital para estudiantes.<\/a>\u00a0<\/p>\n<p>CCPG Form\u00a0<a href=\"https:\/\/www.palomar.edu\/fa\/cacollegepromisegrant\/\">CCPG form for eligibility for discounted permit<\/a><\/p>\n\n\n<p><\/p>\n","protected":false},"excerpt":{"rendered":"<p>Spring Parking Permits 2026 The 2026 spring student parking permits will be available for purchase through the MyPalomar student account starting December 1, 2025.If you have any further questions, please contact Candy Santos (csantos@palomar.edu). Effective June 3, 2019, Parking Services will introduce a contactless parking digital system for purchasing parking permits on all Palomar College&hellip; <a class=\"continue\" href=\"https:\/\/www.palomar.edu\/police\/parking-permits-student\/\">Continue Reading<span> Contactless Parking Permits Student<\/span><\/a><\/p>\n","protected":false},"author":10107,"featured_media":0,"parent":0,"menu_order":0,"comment_status":"closed","ping_status":"closed","template":"","meta":{"_acf_changed":false,"jetpack_post_was_ever_published":false,"footnotes":"","_links_to":"","_links_to_target":""},"class_list":["post-167","page","type-page","status-publish","hentry"],"acf":[],"jetpack_sharing_enabled":true,"jetpack_shortlink":"https:\/\/wp.me\/P6Sp7b-2H","_links":{"self":[{"href":"https:\/\/www.palomar.edu\/police\/wp-json\/wp\/v2\/pages\/167","targetHints":{"allow":["GET"]}}],"collection":[{"href":"https:\/\/www.palomar.edu\/police\/wp-json\/wp\/v2\/pages"}],"about":[{"href":"https:\/\/www.palomar.edu\/police\/wp-json\/wp\/v2\/types\/page"}],"author":[{"embeddable":true,"href":"https:\/\/www.palomar.edu\/police\/wp-json\/wp\/v2\/users\/10107"}],"replies":[{"embeddable":true,"href":"https:\/\/www.palomar.edu\/police\/wp-json\/wp\/v2\/comments?post=167"}],"version-history":[{"count":7,"href":"https:\/\/www.palomar.edu\/police\/wp-json\/wp\/v2\/pages\/167\/revisions"}],"predecessor-version":[{"id":3726,"href":"https:\/\/www.palomar.edu\/police\/wp-json\/wp\/v2\/pages\/167\/revisions\/3726"}],"wp:attachment":[{"href":"https:\/\/www.palomar.edu\/police\/wp-json\/wp\/v2\/media?parent=167"}],"curies":[{"name":"wp","href":"https:\/\/api.w.org\/{rel}","templated":true}]}}