{"id":5288,"date":"2023-11-07T08:43:56","date_gmt":"2023-11-07T16:43:56","guid":{"rendered":"https:\/\/www.palomar.edu\/palomarpromise\/?page_id=5288"},"modified":"2023-11-07T15:51:01","modified_gmt":"2023-11-07T23:51:01","slug":"creating-an-effective-resume-cover-letter-11-30-23","status":"publish","type":"page","link":"https:\/\/www.palomar.edu\/palomarpromise\/creating-an-effective-resume-cover-letter-11-30-23\/","title":{"rendered":"Como hacer un Curriculum de Trabajo, 11\/30\/23"},"content":{"rendered":"\n<p>Workshop Description: <\/p>\n\n\n\n<figure class=\"wp-block-table\"><table><tbody><tr><td>Su resume y carta de presentaci\u00f3n son la primera impresi\u00f3n que los posibles empleadores tendr\u00e1n de usted. \u00danase a nuestro taller interactivo para aprender las habilidades y estrategias necesarias para crear un resume y cartas de presentaci\u00f3n atractivos y efectivos.<\/td><\/tr><\/tbody><\/table><\/figure>\n\n\n<p>The event is now closed.<\/p>","protected":false},"excerpt":{"rendered":"<p>Workshop Description: Su resume y carta de presentaci\u00f3n son la primera impresi\u00f3n que los posibles empleadores tendr\u00e1n de usted. \u00danase a nuestro taller interactivo para aprender las habilidades y estrategias&hellip; <a class=\"continue\" href=\"https:\/\/www.palomar.edu\/palomarpromise\/creating-an-effective-resume-cover-letter-11-30-23\/\">Continue Reading<span> Como hacer un Curriculum de Trabajo, 11\/30\/23<\/span><\/a><\/p>\n","protected":false},"author":165,"featured_media":0,"parent":0,"menu_order":0,"comment_status":"closed","ping_status":"closed","template":"","meta":{"_acf_changed":false,"_price":"","_stock":"","_tribe_ticket_header":"","_tribe_default_ticket_provider":"","_tribe_ticket_capacity":"0","_ticket_start_date":"","_ticket_end_date":"","_tribe_ticket_show_description":"","_tribe_ticket_show_not_going":false,"_tribe_ticket_use_global_stock":"","_tribe_ticket_global_stock_level":"","_global_stock_mode":"","_global_stock_cap":"","_tribe_rsvp_for_event":"","_tribe_ticket_going_count":"","_tribe_ticket_not_going_count":"","_tribe_tickets_list":"[]","_tribe_ticket_has_attendee_info_fields":false,"jetpack_post_was_ever_published":false,"footnotes":"","_tec_slr_enabled":"","_tec_slr_layout":"","_links_to":"","_links_to_target":""},"class_list":["post-5288","page","type-page","status-publish","hentry"],"acf":[],"jetpack_sharing_enabled":true,"jetpack_shortlink":"https:\/\/wp.me\/PaoZAy-1ni","ticketed":false,"_links":{"self":[{"href":"https:\/\/www.palomar.edu\/palomarpromise\/wp-json\/wp\/v2\/pages\/5288","targetHints":{"allow":["GET"]}}],"collection":[{"href":"https:\/\/www.palomar.edu\/palomarpromise\/wp-json\/wp\/v2\/pages"}],"about":[{"href":"https:\/\/www.palomar.edu\/palomarpromise\/wp-json\/wp\/v2\/types\/page"}],"author":[{"embeddable":true,"href":"https:\/\/www.palomar.edu\/palomarpromise\/wp-json\/wp\/v2\/users\/165"}],"replies":[{"embeddable":true,"href":"https:\/\/www.palomar.edu\/palomarpromise\/wp-json\/wp\/v2\/comments?post=5288"}],"version-history":[{"count":4,"href":"https:\/\/www.palomar.edu\/palomarpromise\/wp-json\/wp\/v2\/pages\/5288\/revisions"}],"predecessor-version":[{"id":5467,"href":"https:\/\/www.palomar.edu\/palomarpromise\/wp-json\/wp\/v2\/pages\/5288\/revisions\/5467"}],"wp:attachment":[{"href":"https:\/\/www.palomar.edu\/palomarpromise\/wp-json\/wp\/v2\/media?parent=5288"}],"curies":[{"name":"wp","href":"https:\/\/api.w.org\/{rel}","templated":true}]}}