{"id":158,"date":"2018-04-23T08:48:42","date_gmt":"2018-04-23T15:48:42","guid":{"rendered":"https:\/\/www.palomar.edu\/fallbrook\/?page_id=158"},"modified":"2026-05-12T18:36:04","modified_gmt":"2026-05-13T01:36:04","slug":"esl","status":"publish","type":"page","link":"https:\/\/www.palomar.edu\/fallbrook\/esl\/","title":{"rendered":"English as a Second Language &#8211; Fallbrook Education Center"},"content":{"rendered":"\n<p>If you have questions about ESL classes, applying to be a Palomar student, and registration, please contact: Fallbrook Office<\/p>\n\n\n\n<h2 class=\"wp-block-heading\">Staff Information \/&nbsp;Informaci\u00f3n Del Personal<\/h2>\n\n\n\n<figure class=\"wp-block-table is-style-regular\"><table class=\"has-border-color has-black-border-color has-fixed-layout\" style=\"border-style:solid;border-width:1px\"><thead><tr><th>Staff Member<\/th><th>Office Hours<\/th><th>Department<\/th><th>Contact Information<\/th><\/tr><\/thead><tbody><tr><td>Erika Barrantes<\/td><td>Monday &#8211; Thursday 4:30 p.m. to 8:30 p.m.<\/td><td>Fallbrook ESL Staff<\/td><td>Email: <a href=\"mailto:ebarrantes@palomar.edu\">ebarrantes@palomar.edu<\/a><br>Phone: (760)744-1150, ext. 8699<\/td><\/tr><\/tbody><\/table><\/figure>\n\n\n\n<h2 class=\"wp-block-heading has-text-align-center has-vivid-green-cyan-background-color has-background\" style=\"border-style:none;border-width:0px;border-top-left-radius:100px;border-top-right-radius:100px;border-bottom-left-radius:100px;border-bottom-right-radius:100px\">English as a Second Language Classes\u2013 Fallbrook Education Center (Summer 2026)<\/h2>\n\n\n\n<h3 class=\"wp-block-heading\">Free Evening Classes<\/h3>\n\n\n\n<p>These free courses are offered in the evening at the following location: Palomar College Fallbrook Education Center 35090 Horse Ranch Creek Road, Fallbrook, CA 92028<\/p>\n\n\n\n<figure class=\"wp-block-table is-style-stripes\"><table class=\"has-fixed-layout\"><thead><tr><th>Course<\/th><th>Class Number<\/th><th>Instructor<\/th><th>Class Dates<\/th><th>Days<\/th><th>Times<\/th><th>Room<\/th><\/tr><\/thead><tbody><tr><td>N ESL 972 &#8211; Basic Computer Skills<\/td><td>50026<\/td><td>Valentina Borgstede<\/td><td>June 16 &#8211; August 5, 2026<\/td><td>Tuesday &amp; Thursday<\/td><td>6:00 p.m. &#8211; 8:50 p.m.<\/td><td>FEC &#8211; G01<\/td><\/tr><tr><td>N ESL 922 &#8211; Beginning Conversation Skills I <\/td><td>51018<\/td><td>Molly Berm\u00fadez<\/td><td>June 15 &#8211; August 5, 2026<\/td><td>Monday &amp; Wednesday<\/td><td>6:00 p.m. &#8211; 8:20 p.m.<\/td><td>FEC &#8211; G01<\/td><\/tr><\/tbody><\/table><\/figure>\n\n\n\n<h3 class=\"wp-block-heading\">Free Morning Classes<\/h3>\n\n\n\n<p>These free courses are offered in the morning at the following location: St. John\u2019s Episcopal Church 434 Iowa Street, Fallbrook, CA 92028<\/p>\n\n\n\n<p>Free childcare available.<\/p>\n\n\n\n<figure class=\"wp-block-table is-style-stripes\"><table class=\"has-fixed-layout\"><thead><tr><th>Course<\/th><th>Class Number<\/th><th>Instructor<\/th><th>Class Dates<\/th><th>Days<\/th><th>Times<\/th><th>Location<\/th><\/tr><\/thead><tbody><tr><td>N ESL 972 &#8211; Basic English Skills<\/td><td>50022<\/td><td>Sheri Cully<\/td><td>June 29- August 6, 2026<\/td><td>Monday &#8211; Thursday<\/td><td>8:30 a.m. &#8211; 10:30 a.m.<\/td><td>St. John\u2019s Episcopal Church<\/td><\/tr><\/tbody><\/table><\/figure>\n\n\n\n<h2 class=\"wp-block-heading\">Clases de ingl\u00e9s como segundo idioma \u2013 Centro Educativo de Fallbrook (Verano de 2026)<\/h2>\n\n\n\n<p>Para inscribirse, por favor llame al (760) 744-1150, extensi\u00f3n 8657, de lunes a jueves, de 4:30 a 8:30 p. m. Los especialistas en admisiones est\u00e1n disponibles en ingl\u00e9s y espa\u00f1ol.<\/p>\n\n\n\n<h3 class=\"wp-block-heading\">Clases Nocturnas Gratuitas<\/h3>\n\n\n\n<p>Ubicaci\u00f3n: 35090 Horse Ranch Creek Road, Fallbrook, CA 92028<\/p>\n\n\n\n<figure class=\"wp-block-table is-style-stripes\"><table class=\"has-fixed-layout\"><thead><tr><th>Curso<\/th><th>Numero de Clase<\/th><th>Instructora<\/th><th>Fechas de clase<\/th><th>D\u00edas<\/th><th><strong>Horario de clase<\/strong><\/th><th>Cuarto<\/th><\/tr><\/thead><tbody><tr><td>N ESL 972 &#8211; Habilidades B\u00e1sicas de Ingl\u00e9s<\/td><td>50026<\/td><td>Valentina Borgstede<\/td><td>16 de junio\u20136 de agosto de 2026<\/td><td>Martes y Jueves<\/td><td>6:00 p.m. &#8211; 8:50 p.m.<\/td><td>FEC &#8211; G01<\/td><\/tr><tr><td>N ESL 922 &#8211; Habilidades B\u00e1sicas de Conversaci\u00f3n I<\/td><td>51018<\/td><td>Molly Berm\u00fadez<\/td><td>15 de junio\u20135 de agosto de 2026<\/td><td>Lunes y Mi\u00e9rcoles<\/td><td>6:00 p.m. &#8211; 8:20 p.m.<\/td><td>FEC &#8211; F01<\/td><\/tr><\/tbody><\/table><\/figure>\n\n\n\n<h3 class=\"wp-block-heading\">Clases Matutinas Gratuitas<\/h3>\n\n\n\n<p>Ubicaci\u00f3n: St. John\u2019s Episcopal Church \/ 434 Iowa Street, Fallbrook, CA 92028<\/p>\n\n\n\n<p>Cuidado de ni\u00f1os gratuito.<br><\/p>\n\n\n\n<figure class=\"wp-block-table is-style-stripes\"><table class=\"has-fixed-layout\"><thead><tr><th>Curso<\/th><th>Numero de Clase<\/th><th>Instructora<\/th><th>Fechas de clase<\/th><th>D\u00edas<\/th><th><strong>Horario de clase<\/strong><\/th><th>Cuarto<\/th><\/tr><\/thead><tbody><tr><td>N ESL 972 &#8211; Basic English Skills<\/td><td>50022<\/td><td>Sheri Cully<\/td><td>16 de junio\u20136 de agosto de 2026<\/td><td>Lunes a Jueves<\/td><td>6:00 p.m. &#8211; 8:50 p.m.<\/td><td>St. John\u2019s Episcopal Church<\/td><\/tr><\/tbody><\/table><\/figure>\n\n\n\n<h3 class=\"wp-block-heading\"><strong>Informaci\u00f3n Adicional<\/strong><\/h3>\n\n\n\n<p>Para inscribirse, por favor llame al (760) 744-1150, extensi\u00f3n 8657, de lunes a jueves, de 4:30 a 8:30 p. m. Los especialistas en admisiones est\u00e1n disponibles en ingl\u00e9s y espa\u00f1ol.<\/p>\n\n\n\n<p><\/p>\n\n\n\n<p><\/p>\n","protected":false},"excerpt":{"rendered":"<p>If you have questions about ESL classes, applying to be a Palomar student, and registration, please contact: Fallbrook Office Staff Information \/&nbsp;Informaci\u00f3n Del Personal Staff Member Office Hours Department Contact&hellip; <a class=\"continue\" href=\"https:\/\/www.palomar.edu\/fallbrook\/esl\/\">Continue Reading<span> English as a Second Language &#8211; Fallbrook Education Center<\/span><\/a><\/p>\n","protected":false},"author":402,"featured_media":0,"parent":0,"menu_order":0,"comment_status":"closed","ping_status":"closed","template":"","meta":{"_acf_changed":false,"_tec_requires_first_save":true,"_EventAllDay":false,"_EventTimezone":"","_EventStartDate":"","_EventEndDate":"","_EventStartDateUTC":"","_EventEndDateUTC":"","_EventShowMap":false,"_EventShowMapLink":false,"_EventURL":"","_EventCost":"","_EventCostDescription":"","_EventCurrencySymbol":"","_EventCurrencyCode":"","_EventCurrencyPosition":"","_EventDateTimeSeparator":"","_EventTimeRangeSeparator":"","_EventOrganizerID":[],"_EventVenueID":[],"_OrganizerEmail":"","_OrganizerPhone":"","_OrganizerWebsite":"","_VenueAddress":"","_VenueCity":"","_VenueCountry":"","_VenueProvince":"","_VenueState":"","_VenueZip":"","_VenuePhone":"","_VenueURL":"","_VenueStateProvince":"","_VenueLat":"","_VenueLng":"","_VenueShowMap":false,"_VenueShowMapLink":false,"_tribe_blocks_recurrence_rules":"","_tribe_blocks_recurrence_description":"","_tribe_blocks_recurrence_exclusions":"","footnotes":""},"class_list":["post-158","page","type-page","status-publish","hentry"],"acf":[],"yoast_head":"<!-- This site is optimized with the Yoast SEO plugin v27.6 - https:\/\/yoast.com\/product\/yoast-seo-wordpress\/ -->\n<title>English as a Second Language - Fallbrook Education Center - Fallbrook Education Center<\/title>\n<meta name=\"robots\" content=\"index, follow, max-snippet:-1, max-image-preview:large, max-video-preview:-1\" \/>\n<link rel=\"canonical\" href=\"https:\/\/www.palomar.edu\/fallbrook\/esl\/\" \/>\n<meta property=\"og:locale\" content=\"en_US\" \/>\n<meta property=\"og:type\" content=\"article\" \/>\n<meta property=\"og:title\" content=\"English as a Second Language - Fallbrook Education Center - Fallbrook Education Center\" \/>\n<meta property=\"og:description\" content=\"If you have questions about ESL classes, applying to be a Palomar student, and registration, please contact: Fallbrook Office Staff Information \/&nbsp;Informaci\u00f3n Del Personal Staff Member Office Hours Department Contact&hellip; Continue Reading English as a Second Language &#8211; Fallbrook Education Center\" \/>\n<meta property=\"og:url\" content=\"https:\/\/www.palomar.edu\/fallbrook\/esl\/\" \/>\n<meta property=\"og:site_name\" content=\"Fallbrook Education Center\" \/>\n<meta property=\"article:modified_time\" content=\"2026-05-13T01:36:04+00:00\" \/>\n<meta name=\"twitter:card\" content=\"summary_large_image\" \/>\n<meta name=\"twitter:label1\" content=\"Est. reading time\" \/>\n\t<meta name=\"twitter:data1\" content=\"2 minutes\" \/>\n<script type=\"application\/ld+json\" class=\"yoast-schema-graph\">{\"@context\":\"https:\\\/\\\/schema.org\",\"@graph\":[{\"@type\":\"WebPage\",\"@id\":\"https:\\\/\\\/www.palomar.edu\\\/fallbrook\\\/esl\\\/\",\"url\":\"https:\\\/\\\/www.palomar.edu\\\/fallbrook\\\/esl\\\/\",\"name\":\"English as a Second Language - Fallbrook Education Center - Fallbrook Education Center\",\"isPartOf\":{\"@id\":\"https:\\\/\\\/www.palomar.edu\\\/fallbrook\\\/#website\"},\"datePublished\":\"2018-04-23T15:48:42+00:00\",\"dateModified\":\"2026-05-13T01:36:04+00:00\",\"breadcrumb\":{\"@id\":\"https:\\\/\\\/www.palomar.edu\\\/fallbrook\\\/esl\\\/#breadcrumb\"},\"inLanguage\":\"en-US\",\"potentialAction\":[{\"@type\":\"ReadAction\",\"target\":[\"https:\\\/\\\/www.palomar.edu\\\/fallbrook\\\/esl\\\/\"]}]},{\"@type\":\"BreadcrumbList\",\"@id\":\"https:\\\/\\\/www.palomar.edu\\\/fallbrook\\\/esl\\\/#breadcrumb\",\"itemListElement\":[{\"@type\":\"ListItem\",\"position\":1,\"name\":\"Home\",\"item\":\"https:\\\/\\\/www.palomar.edu\\\/fallbrook\\\/\"},{\"@type\":\"ListItem\",\"position\":2,\"name\":\"English as a Second Language &#8211; Fallbrook Education Center\"}]},{\"@type\":\"WebSite\",\"@id\":\"https:\\\/\\\/www.palomar.edu\\\/fallbrook\\\/#website\",\"url\":\"https:\\\/\\\/www.palomar.edu\\\/fallbrook\\\/\",\"name\":\"Fallbrook Education Center\",\"description\":\"\",\"potentialAction\":[{\"@type\":\"SearchAction\",\"target\":{\"@type\":\"EntryPoint\",\"urlTemplate\":\"https:\\\/\\\/www.palomar.edu\\\/fallbrook\\\/?s={search_term_string}\"},\"query-input\":{\"@type\":\"PropertyValueSpecification\",\"valueRequired\":true,\"valueName\":\"search_term_string\"}}],\"inLanguage\":\"en-US\"}]}<\/script>\n<!-- \/ Yoast SEO plugin. -->","yoast_head_json":{"title":"English as a Second Language - Fallbrook Education Center - Fallbrook Education Center","robots":{"index":"index","follow":"follow","max-snippet":"max-snippet:-1","max-image-preview":"max-image-preview:large","max-video-preview":"max-video-preview:-1"},"canonical":"https:\/\/www.palomar.edu\/fallbrook\/esl\/","og_locale":"en_US","og_type":"article","og_title":"English as a Second Language - Fallbrook Education Center - Fallbrook Education Center","og_description":"If you have questions about ESL classes, applying to be a Palomar student, and registration, please contact: Fallbrook Office Staff Information \/&nbsp;Informaci\u00f3n Del Personal Staff Member Office Hours Department Contact&hellip; Continue Reading English as a Second Language &#8211; Fallbrook Education Center","og_url":"https:\/\/www.palomar.edu\/fallbrook\/esl\/","og_site_name":"Fallbrook Education Center","article_modified_time":"2026-05-13T01:36:04+00:00","twitter_card":"summary_large_image","twitter_misc":{"Est. reading time":"2 minutes"},"schema":{"@context":"https:\/\/schema.org","@graph":[{"@type":"WebPage","@id":"https:\/\/www.palomar.edu\/fallbrook\/esl\/","url":"https:\/\/www.palomar.edu\/fallbrook\/esl\/","name":"English as a Second Language - Fallbrook Education Center - Fallbrook Education Center","isPartOf":{"@id":"https:\/\/www.palomar.edu\/fallbrook\/#website"},"datePublished":"2018-04-23T15:48:42+00:00","dateModified":"2026-05-13T01:36:04+00:00","breadcrumb":{"@id":"https:\/\/www.palomar.edu\/fallbrook\/esl\/#breadcrumb"},"inLanguage":"en-US","potentialAction":[{"@type":"ReadAction","target":["https:\/\/www.palomar.edu\/fallbrook\/esl\/"]}]},{"@type":"BreadcrumbList","@id":"https:\/\/www.palomar.edu\/fallbrook\/esl\/#breadcrumb","itemListElement":[{"@type":"ListItem","position":1,"name":"Home","item":"https:\/\/www.palomar.edu\/fallbrook\/"},{"@type":"ListItem","position":2,"name":"English as a Second Language &#8211; Fallbrook Education Center"}]},{"@type":"WebSite","@id":"https:\/\/www.palomar.edu\/fallbrook\/#website","url":"https:\/\/www.palomar.edu\/fallbrook\/","name":"Fallbrook Education Center","description":"","potentialAction":[{"@type":"SearchAction","target":{"@type":"EntryPoint","urlTemplate":"https:\/\/www.palomar.edu\/fallbrook\/?s={search_term_string}"},"query-input":{"@type":"PropertyValueSpecification","valueRequired":true,"valueName":"search_term_string"}}],"inLanguage":"en-US"}]}},"jetpack_sharing_enabled":true,"jetpack_shortlink":"https:\/\/wp.me\/PbqQsG-2y","_links":{"self":[{"href":"https:\/\/www.palomar.edu\/fallbrook\/wp-json\/wp\/v2\/pages\/158","targetHints":{"allow":["GET"]}}],"collection":[{"href":"https:\/\/www.palomar.edu\/fallbrook\/wp-json\/wp\/v2\/pages"}],"about":[{"href":"https:\/\/www.palomar.edu\/fallbrook\/wp-json\/wp\/v2\/types\/page"}],"author":[{"embeddable":true,"href":"https:\/\/www.palomar.edu\/fallbrook\/wp-json\/wp\/v2\/users\/402"}],"replies":[{"embeddable":true,"href":"https:\/\/www.palomar.edu\/fallbrook\/wp-json\/wp\/v2\/comments?post=158"}],"version-history":[{"count":15,"href":"https:\/\/www.palomar.edu\/fallbrook\/wp-json\/wp\/v2\/pages\/158\/revisions"}],"predecessor-version":[{"id":5720,"href":"https:\/\/www.palomar.edu\/fallbrook\/wp-json\/wp\/v2\/pages\/158\/revisions\/5720"}],"wp:attachment":[{"href":"https:\/\/www.palomar.edu\/fallbrook\/wp-json\/wp\/v2\/media?parent=158"}],"curies":[{"name":"wp","href":"https:\/\/api.w.org\/{rel}","templated":true}]}}