{"id":229,"date":"2016-08-08T14:56:30","date_gmt":"2016-08-08T22:56:30","guid":{"rendered":"https:\/\/www.palomar.edu\/esl\/?page_id=229"},"modified":"2026-04-22T17:51:42","modified_gmt":"2026-04-23T01:51:42","slug":"inea","status":"publish","type":"page","link":"https:\/\/www.palomar.edu\/esl\/inea\/","title":{"rendered":"INEA PROGRAM"},"content":{"rendered":"\n<h5 class=\"wp-block-heading\">&nbsp;<\/h5>\n\n\n\n<h2 class=\"wp-block-heading\"><span style=\"text-decoration: underline;color: #000000\"><strong>INEA (Instituto Nacional para la Educaci\u00f3n de los Adultos)<\/strong><\/span><\/h2>\n\n\n\n<p><span style=\"color: #000000\"><strong>Mission:<\/strong><\/span>&nbsp; <span style=\"color: #000000\">INEA&nbsp;(Instituto Nacional para la Educaci\u00f3n de los Adultos)&nbsp;is a public entity that promotes and develops literacy services, Primaria (1st to 6th grades) and Secundaria (7th to 9th grades) for youth and adults from Mexico to increase their abilities, their life quality, and to be part of the creation of a better society.<\/span><\/p>\n\n\n\n<p><span style=\"color: #000000\"><strong>Misi\u00f3n<\/strong>:\u00a0 Ser la Instituci\u00f3n p\u00fablica que norma, promueve, desarrolla y brinda servicios de alfabetizaci\u00f3n, educaci\u00f3n primaria y secundaria; y que facilita la formaci\u00f3n para el trabajo, para que j\u00f3venes y adultos incrementen sus capacidades, eleven su calidad de vida y contribuyan a la construcci\u00f3n de una sociedad m\u00e1s justa y equitativa.<\/span><\/p>\n\n\n\n<p><span style=\"color: #000000\">To enroll or to ask questions about INEA, please contact Carmelino Cruz at (760) 744-1150 extension 2262 or<\/span> <a href=\"mailto:ccruz@palomar.edu\">ccruz@palomar.edu<\/a><\/p>\n\n\n\n<p><span style=\"color: #000000\">Para inscribirse o hacer preguntas, favor de contactar a Carmelino Cruz al (760) 744-1150 extensi\u00f3n 2262 o<\/span> <a href=\"mailto:ccruz@palomar.edu\">ccruz@palomar.edu<\/a><\/p>\n\n\n\n<h2 class=\"wp-block-heading\"><span style=\"text-decoration: underline\"><strong>INEA LOCATIONS<\/strong><\/span><\/h2>\n\n\n\n<p>&#8220;ONLINE&#8221;<br>Mon &#8211; Thurs (Lunes a Jueves) 6:00 \u2013 8:20 p.m<\/p>\n\n\n\n<h2 class=\"wp-block-heading\"><strong>San Marcos<\/strong><\/h2>\n\n\n\n<p><br><strong>Palomar College &#8211; San Marcos<\/strong><br>1140 W. Mission Road, San Marcos, Ca.<br>Lunes a Jueves de 6:30 \u2013 8:50 p.m.<\/p>\n\n\n\n<h2 class=\"wp-block-heading\"><strong>Vista<\/strong><\/h2>\n\n\n\n<p><br><strong>Church of St. Francis of Assisi<\/strong><br>525 W. Vista Way, (Biblioteca), Vista, Ca.<br>Lunes a Jueves de 6:00 \u2013 8:20 p.m.<\/p>\n\n\n\n<h2 class=\"wp-block-heading\"><strong>Escondido<\/strong><\/h2>\n\n\n\n<p><strong>Palomar College \u2013 Escondido Center<\/strong><br>1951 E. Valley Pkwy, Sal\u00f3n 610<br>Lunes a Jueves de 6:30 \u2013 8:50 p.m.<\/p>\n\n\n\n<h2 class=\"wp-block-heading\"><strong>House of Prayer Lutheran Church<\/strong><\/h2>\n\n\n\n<p><br>795 N. Rose St. (Salon 1), Escondido, Ca.<br>Lunes a Jueves de 8:30 \u2013 10:50 a.m.<\/p>\n\n\n\n<h2 class=\"wp-block-heading x_MsoNormal\"><b><span lang=\"ES-MX\" data-olk-copy-source=\"MessageBody\">Fallbrook<\/span><\/b><\/h2>\n\n\n\n<p class=\"x_MsoNormal\"><b>Fallbrook Food Pantry<\/b><\/p>\n\n\n\n<p class=\"x_MsoNormal\">140 N. Brandon Road, \u200bFallbrook, CA 92028.<\/p>\n\n\n\n<p class=\"x_MsoNormal\"><span lang=\"ES-MX\">Lunes a Jueves de 6:30 \u2013 8:50 p.m.<\/span><\/p>\n\n\n\n<p class=\"x_MsoNormal\"><span lang=\"ES-MX\">&nbsp;<\/span><\/p>\n","protected":false},"excerpt":{"rendered":"<p>&nbsp; INEA (Instituto Nacional para la Educaci\u00f3n de los Adultos) Mission:&nbsp; INEA&nbsp;(Instituto Nacional para la Educaci\u00f3n de los Adultos)&nbsp;is a public entity that promotes and develops literacy services, Primaria (1st&hellip; <a class=\"continue\" href=\"https:\/\/www.palomar.edu\/esl\/inea\/\">Continue Reading<span> INEA PROGRAM<\/span><\/a><\/p>\n","protected":false},"author":64,"featured_media":0,"parent":0,"menu_order":0,"comment_status":"closed","ping_status":"closed","template":"","meta":{"_acf_changed":false,"jetpack_post_was_ever_published":false,"footnotes":""},"class_list":["post-229","page","type-page","status-publish","hentry"],"acf":[],"yoast_head":"<!-- This site is optimized with the Yoast SEO plugin v27.4 - https:\/\/yoast.com\/product\/yoast-seo-wordpress\/ -->\n<title>INEA PROGRAM - Palomar College ESL<\/title>\n<meta name=\"robots\" content=\"index, follow, max-snippet:-1, max-image-preview:large, max-video-preview:-1\" \/>\n<link rel=\"canonical\" href=\"https:\/\/www.palomar.edu\/esl\/inea\/\" \/>\n<meta property=\"og:locale\" content=\"en_US\" \/>\n<meta property=\"og:type\" content=\"article\" \/>\n<meta property=\"og:title\" content=\"INEA PROGRAM - Palomar College ESL\" \/>\n<meta property=\"og:description\" content=\"&nbsp; INEA (Instituto Nacional para la Educaci\u00f3n de los Adultos) Mission:&nbsp; INEA&nbsp;(Instituto Nacional para la Educaci\u00f3n de los Adultos)&nbsp;is a public entity that promotes and develops literacy services, Primaria (1st&hellip; Continue Reading INEA PROGRAM\" \/>\n<meta property=\"og:url\" content=\"https:\/\/www.palomar.edu\/esl\/inea\/\" \/>\n<meta property=\"og:site_name\" content=\"Palomar College ESL\" \/>\n<meta property=\"article:modified_time\" content=\"2026-04-23T01:51:42+00:00\" \/>\n<meta name=\"twitter:card\" content=\"summary_large_image\" \/>\n<meta name=\"twitter:label1\" content=\"Est. reading time\" \/>\n\t<meta name=\"twitter:data1\" content=\"2 minutes\" \/>\n<script type=\"application\/ld+json\" class=\"yoast-schema-graph\">{\"@context\":\"https:\\\/\\\/schema.org\",\"@graph\":[{\"@type\":\"WebPage\",\"@id\":\"https:\\\/\\\/www.palomar.edu\\\/esl\\\/inea\\\/\",\"url\":\"https:\\\/\\\/www.palomar.edu\\\/esl\\\/inea\\\/\",\"name\":\"INEA PROGRAM - Palomar College ESL\",\"isPartOf\":{\"@id\":\"https:\\\/\\\/www.palomar.edu\\\/esl\\\/#website\"},\"datePublished\":\"2016-08-08T22:56:30+00:00\",\"dateModified\":\"2026-04-23T01:51:42+00:00\",\"breadcrumb\":{\"@id\":\"https:\\\/\\\/www.palomar.edu\\\/esl\\\/inea\\\/#breadcrumb\"},\"inLanguage\":\"en-US\",\"potentialAction\":[{\"@type\":\"ReadAction\",\"target\":[\"https:\\\/\\\/www.palomar.edu\\\/esl\\\/inea\\\/\"]}]},{\"@type\":\"BreadcrumbList\",\"@id\":\"https:\\\/\\\/www.palomar.edu\\\/esl\\\/inea\\\/#breadcrumb\",\"itemListElement\":[{\"@type\":\"ListItem\",\"position\":1,\"name\":\"Home\",\"item\":\"https:\\\/\\\/www.palomar.edu\\\/esl\\\/\"},{\"@type\":\"ListItem\",\"position\":2,\"name\":\"INEA PROGRAM\"}]},{\"@type\":\"WebSite\",\"@id\":\"https:\\\/\\\/www.palomar.edu\\\/esl\\\/#website\",\"url\":\"https:\\\/\\\/www.palomar.edu\\\/esl\\\/\",\"name\":\"Palomar College ESL\",\"description\":\"Start Here; Go Anywhere.\",\"potentialAction\":[{\"@type\":\"SearchAction\",\"target\":{\"@type\":\"EntryPoint\",\"urlTemplate\":\"https:\\\/\\\/www.palomar.edu\\\/esl\\\/?s={search_term_string}\"},\"query-input\":{\"@type\":\"PropertyValueSpecification\",\"valueRequired\":true,\"valueName\":\"search_term_string\"}}],\"inLanguage\":\"en-US\"}]}<\/script>\n<!-- \/ Yoast SEO plugin. -->","yoast_head_json":{"title":"INEA PROGRAM - Palomar College ESL","robots":{"index":"index","follow":"follow","max-snippet":"max-snippet:-1","max-image-preview":"max-image-preview:large","max-video-preview":"max-video-preview:-1"},"canonical":"https:\/\/www.palomar.edu\/esl\/inea\/","og_locale":"en_US","og_type":"article","og_title":"INEA PROGRAM - Palomar College ESL","og_description":"&nbsp; INEA (Instituto Nacional para la Educaci\u00f3n de los Adultos) Mission:&nbsp; INEA&nbsp;(Instituto Nacional para la Educaci\u00f3n de los Adultos)&nbsp;is a public entity that promotes and develops literacy services, Primaria (1st&hellip; Continue Reading INEA PROGRAM","og_url":"https:\/\/www.palomar.edu\/esl\/inea\/","og_site_name":"Palomar College ESL","article_modified_time":"2026-04-23T01:51:42+00:00","twitter_card":"summary_large_image","twitter_misc":{"Est. reading time":"2 minutes"},"schema":{"@context":"https:\/\/schema.org","@graph":[{"@type":"WebPage","@id":"https:\/\/www.palomar.edu\/esl\/inea\/","url":"https:\/\/www.palomar.edu\/esl\/inea\/","name":"INEA PROGRAM - Palomar College ESL","isPartOf":{"@id":"https:\/\/www.palomar.edu\/esl\/#website"},"datePublished":"2016-08-08T22:56:30+00:00","dateModified":"2026-04-23T01:51:42+00:00","breadcrumb":{"@id":"https:\/\/www.palomar.edu\/esl\/inea\/#breadcrumb"},"inLanguage":"en-US","potentialAction":[{"@type":"ReadAction","target":["https:\/\/www.palomar.edu\/esl\/inea\/"]}]},{"@type":"BreadcrumbList","@id":"https:\/\/www.palomar.edu\/esl\/inea\/#breadcrumb","itemListElement":[{"@type":"ListItem","position":1,"name":"Home","item":"https:\/\/www.palomar.edu\/esl\/"},{"@type":"ListItem","position":2,"name":"INEA PROGRAM"}]},{"@type":"WebSite","@id":"https:\/\/www.palomar.edu\/esl\/#website","url":"https:\/\/www.palomar.edu\/esl\/","name":"Palomar College ESL","description":"Start Here; Go Anywhere.","potentialAction":[{"@type":"SearchAction","target":{"@type":"EntryPoint","urlTemplate":"https:\/\/www.palomar.edu\/esl\/?s={search_term_string}"},"query-input":{"@type":"PropertyValueSpecification","valueRequired":true,"valueName":"search_term_string"}}],"inLanguage":"en-US"}]}},"jetpack_sharing_enabled":true,"jetpack_shortlink":"https:\/\/wp.me\/P54Rp9-3H","_links":{"self":[{"href":"https:\/\/www.palomar.edu\/esl\/wp-json\/wp\/v2\/pages\/229","targetHints":{"allow":["GET"]}}],"collection":[{"href":"https:\/\/www.palomar.edu\/esl\/wp-json\/wp\/v2\/pages"}],"about":[{"href":"https:\/\/www.palomar.edu\/esl\/wp-json\/wp\/v2\/types\/page"}],"author":[{"embeddable":true,"href":"https:\/\/www.palomar.edu\/esl\/wp-json\/wp\/v2\/users\/64"}],"replies":[{"embeddable":true,"href":"https:\/\/www.palomar.edu\/esl\/wp-json\/wp\/v2\/comments?post=229"}],"version-history":[{"count":13,"href":"https:\/\/www.palomar.edu\/esl\/wp-json\/wp\/v2\/pages\/229\/revisions"}],"predecessor-version":[{"id":7313,"href":"https:\/\/www.palomar.edu\/esl\/wp-json\/wp\/v2\/pages\/229\/revisions\/7313"}],"wp:attachment":[{"href":"https:\/\/www.palomar.edu\/esl\/wp-json\/wp\/v2\/media?parent=229"}],"curies":[{"name":"wp","href":"https:\/\/api.w.org\/{rel}","templated":true}]}}