{"id":1757,"date":"2020-05-12T09:00:58","date_gmt":"2020-05-12T17:00:58","guid":{"rendered":"https:\/\/www.palomar.edu\/esl\/?page_id=1757"},"modified":"2025-01-16T12:04:31","modified_gmt":"2025-01-16T20:04:31","slug":"mypalomar-eservices","status":"publish","type":"page","link":"https:\/\/www.palomar.edu\/esl\/mypalomar-eservices\/","title":{"rendered":"MyPalomar (Student Account)"},"content":{"rendered":"<h4>\u00a0<\/h4>\n<div id=\"post-7592\" class=\"type-tribe_events post-7592 tribe-clearfix tribe-events-venue-7582 tribe-events-organizer-4153 tribe-events-first\" data-parent-post-id=\"7590\">\n<h4 class=\"tribe-events-list-event-title\"><strong style=\"color: #5a5d5e;font-family: Montserrat, sans-serif;font-size: 1.125rem\"><span style=\"color: #ff0000\">Workshop:\u00a0 How to use MyPalomar (Student account)<\/span><\/strong><\/h4>\n<h6><span style=\"color: #ff0000\"><strong>Thursdays<\/strong><b style=\"color: #ff0000\"> at 2:30 pm on:\u00a0 January 14 &amp; 21\u00a0<\/b><\/span><span style=\"color: #ff0000\"><b style=\"color: #ff0000\">\u00a0 **Please check back for more available dates** <\/b><\/span><span style=\"color: #ff0000\"><b style=\"color: #ff0000\">\u00a0<\/b><\/span><\/h6>\n<div class=\"tribe-events-event-meta\">\n<div class=\"author location\">\n<div class=\"tribe-event-schedule-details\"><hr \/>\n<p><a href=\"https:\/\/www.palomar.edu\/esl\/wp-content\/uploads\/sites\/115\/2025\/01\/MyPalomar-Workshop-Flyer-Jan.-16-23-2025-Eng.pdf\" target=\"_blank\" rel=\"noopener noreferrer\"><img loading=\"lazy\" decoding=\"async\" class=\"alignleft wp-image-1795\" src=\"https:\/\/www.palomar.edu\/esl\/wp-content\/uploads\/sites\/115\/2020\/05\/MyPalomar-Workshop-Flyer-English-e1589177445322.png\" alt=\"MyPalomar\" width=\"357\" height=\"225\" srcset=\"https:\/\/www.palomar.edu\/esl\/wp-content\/uploads\/sites\/115\/2020\/05\/MyPalomar-Workshop-Flyer-English-e1589177445322.png 1433w, https:\/\/www.palomar.edu\/esl\/wp-content\/uploads\/sites\/115\/2020\/05\/MyPalomar-Workshop-Flyer-English-e1589177445322-1024x646.png 1024w, https:\/\/www.palomar.edu\/esl\/wp-content\/uploads\/sites\/115\/2020\/05\/MyPalomar-Workshop-Flyer-English-e1589177445322-768x484.png 768w, https:\/\/www.palomar.edu\/esl\/wp-content\/uploads\/sites\/115\/2020\/05\/MyPalomar-Workshop-Flyer-English-e1589177445322-264x167.png 264w, https:\/\/www.palomar.edu\/esl\/wp-content\/uploads\/sites\/115\/2020\/05\/MyPalomar-Workshop-Flyer-English-e1589177445322-528x333.png 528w\" sizes=\"auto, (max-width: 357px) 100vw, 357px\" \/><\/a><\/p>\n<p style=\"text-align: justify\"><span style=\"color: #000000;font-size: inherit\">The ESL Department is offering a workshop on how to navigate through MyPalomar (student account) and feel more comfortable knowing what it offers and how to use it.\u00a0 <\/span><span style=\"color: #000000;font-size: inherit\">Join us for an hour of helpful information that will guide you through MyPalomar and show you how to create or reset your password, how to log in, register &amp; pay for classes, etc&#8230;\u00a0 Walk away feeling empowered once you learn these skills!\u00a0 \u00a0<\/span><\/p>\n<p style=\"text-align: justify\"><span style=\"font-size: inherit\">To sign up for this Workshop and receive a ZOOM LINK.\u00a0 <\/span><span style=\"font-size: inherit\">Please contact Yolanda Fernandez via email at:\u00a0 yfernandez@palomar.edu.\u00a0 <\/span><span style=\"font-size: inherit\"><a href=\"https:\/\/www.palomar.edu\/esl\/wp-content\/uploads\/sites\/115\/2025\/01\/MyPalomar-Workshop-Flyer-Jan.-16-23-2025-Eng.pdf\" target=\"_blank\" rel=\"noopener noreferrer\"><strong>Find out more \u00bb<\/strong><\/a><\/span><\/p>\n<\/div>\n<\/div>\n<\/div>\n<\/div>\n<div>\u00a0<\/div>\n<div>\u00a0<\/div>\n<div>\u00a0<\/div>\n<div>\u00a0<\/div>\n<div>\u00a0<\/div>\n<div>\u00a0<\/div>\n<div>\u00a0<\/div>\n<div>\u00a0<\/div>\n<div>\u00a0<\/div>\n<div>\u00a0<\/div>\n<div>\u00a0<\/div>\n<div>\u00a0<\/div>\n<div>\n<h4 class=\"tribe-events-list-event-title\"><strong style=\"color: #5a5d5e;font-family: Montserrat, sans-serif;font-size: 1.125rem\"><span style=\"color: #ff0000\">Taller:\u00a0 C\u00f3mo utilizar MyPalomar (Cuenta de estudiante)<\/span><\/strong><\/h4>\n<h6><strong><span style=\"color: #ff0000\">Jueves a las 2:30 pm:\u00a0 Enero<\/span><\/strong><span style=\"color: #ff0000\"><b style=\"color: #ff0000\"> 16 y 23\u00a0 \u00a0**Favor de volver <\/b><\/span><span style=\"color: #ff0000\"><b style=\"color: #ff0000\">a revisar para ver m\u00e1s fechas disponibles**<\/b><\/span><\/h6>\n<\/div>\n<div><hr \/>\n<p><a href=\"https:\/\/www.palomar.edu\/esl\/wp-content\/uploads\/sites\/115\/2025\/01\/MyPalomar-Workshop-Flyer-Jan.-16-23-2025-Span.pdf\" target=\"_blank\" rel=\"noopener noreferrer\"><img loading=\"lazy\" decoding=\"async\" class=\"alignleft wp-image-1857\" src=\"https:\/\/www.palomar.edu\/esl\/wp-content\/uploads\/sites\/115\/2020\/05\/MyPalomar-Workshop-Flyer-Spanish-e1589263169542.png\" alt=\"MyPalomar Taller\" width=\"357\" height=\"223\" srcset=\"https:\/\/www.palomar.edu\/esl\/wp-content\/uploads\/sites\/115\/2020\/05\/MyPalomar-Workshop-Flyer-Spanish-e1589263169542.png 972w, https:\/\/www.palomar.edu\/esl\/wp-content\/uploads\/sites\/115\/2020\/05\/MyPalomar-Workshop-Flyer-Spanish-e1589263169542-432x270.png 432w, https:\/\/www.palomar.edu\/esl\/wp-content\/uploads\/sites\/115\/2020\/05\/MyPalomar-Workshop-Flyer-Spanish-e1589263169542-768x479.png 768w, https:\/\/www.palomar.edu\/esl\/wp-content\/uploads\/sites\/115\/2020\/05\/MyPalomar-Workshop-Flyer-Spanish-e1589263169542-264x165.png 264w, https:\/\/www.palomar.edu\/esl\/wp-content\/uploads\/sites\/115\/2020\/05\/MyPalomar-Workshop-Flyer-Spanish-e1589263169542-528x329.png 528w\" sizes=\"auto, (max-width: 357px) 100vw, 357px\" \/><\/a><\/p>\n<\/div>\n<div>\u00a0<\/div>\n<div style=\"text-align: justify\"><span style=\"color: #000000\"><span style=\"color: #000000\">\u00a1El Departamento de ESL est\u00e1 ofreciendo un Taller a <span style=\"font-family: monospace, monospace;font-size: 1em;color: #0a0a0a\">trav\u00e9s <\/span><\/span><\/span><span style=\"color: #000000\">de Zoom sobre c\u00f3mo navegar por MyPalomar (cuenta de estudiante) y sentirse m\u00e1s eficiente sabiendo lo que ofrece.\u00a0 \u00a0<\/span><span style=\"color: #000000;font-size: inherit\">\u00danase con nosotros durante una hora de informaci\u00f3n \u00fatil que lo guiar\u00e1 a trav\u00e9s de MyPalomar y le mostrar\u00e1 c\u00f3mo crear o restablecer su contrase\u00f1a, como iniciar sesi\u00f3n, registrarse y pagar sus clases, etc&#8230;\u00a0 \u00a0\u00a1Termine sinti\u00e9ndose fortalecido una vez que aprenda estas habilidades!\u00a0 \u00a0<\/span><\/div>\n<div>\u00a0<\/div>\n<div>\n<div id=\"tw-target-rmn-container\" class=\"tw-ta-container hide-focus-ring tw-nfl\">\n<div class=\"jhH5U\">\n<div id=\"tw-ob\" class=\"tw-src-ltr\">\n<div class=\"oSioSc\">\n<div id=\"tw-target\">\n<div id=\"kAz1tf\" class=\"g9WsWb\">\n<div id=\"tw-target-text-container\" class=\"tw-ta-container hide-focus-ring tw-nfl\">\n<p dir=\"ltr\" style=\"text-align: justify\" data-placeholder=\"Translation\"><span style=\"color: #000000\">Para inscribirse en este Taller y recibir el enlace para ZOOM.\u00a0 P\u00f3ngase en contacto con Yolanda Fernandez por correo electr\u00f3nico a:\u00a0 yfernandez@palomar.edu&#8230;\u00a0 <a href=\"https:\/\/www.palomar.edu\/esl\/wp-content\/uploads\/sites\/115\/2025\/01\/MyPalomar-Workshop-Flyer-Jan.-16-23-2025-Span.pdf\" target=\"_blank\" rel=\"noopener noreferrer\"><strong>M\u00e1s informaci\u00f3n \u00bb<\/strong><\/a><\/span><\/p>\n<\/div>\n<\/div>\n<\/div>\n<\/div>\n<\/div>\n<\/div>\n<\/div>\n<\/div>\n\n\n<p><\/p>\n","protected":false},"excerpt":{"rendered":"<p>\u00a0 Workshop:\u00a0 How to use MyPalomar (Student account) Thursdays at 2:30 pm on:\u00a0 January 14 &amp; 21\u00a0\u00a0 **Please check back for more available dates** \u00a0 The ESL Department is offering&hellip; <a class=\"continue\" href=\"https:\/\/www.palomar.edu\/esl\/mypalomar-eservices\/\">Continue Reading<span> MyPalomar (Student Account)<\/span><\/a><\/p>\n","protected":false},"author":10306,"featured_media":0,"parent":0,"menu_order":0,"comment_status":"closed","ping_status":"closed","template":"","meta":{"_acf_changed":false,"jetpack_post_was_ever_published":false,"footnotes":""},"class_list":["post-1757","page","type-page","status-publish","hentry"],"acf":[],"yoast_head":"<!-- This site is optimized with the Yoast SEO plugin v27.3 - https:\/\/yoast.com\/product\/yoast-seo-wordpress\/ -->\n<title>MyPalomar (Student Account) - Palomar College ESL<\/title>\n<meta name=\"robots\" content=\"index, follow, max-snippet:-1, max-image-preview:large, max-video-preview:-1\" \/>\n<link rel=\"canonical\" href=\"https:\/\/www.palomar.edu\/esl\/mypalomar-eservices\/\" \/>\n<meta property=\"og:locale\" content=\"en_US\" \/>\n<meta property=\"og:type\" content=\"article\" \/>\n<meta property=\"og:title\" content=\"MyPalomar (Student Account) - Palomar College ESL\" \/>\n<meta property=\"og:description\" content=\"\u00a0 Workshop:\u00a0 How to use MyPalomar (Student account) Thursdays at 2:30 pm on:\u00a0 January 14 &amp; 21\u00a0\u00a0 **Please check back for more available dates** \u00a0 The ESL Department is offering&hellip; Continue Reading MyPalomar (Student Account)\" \/>\n<meta property=\"og:url\" content=\"https:\/\/www.palomar.edu\/esl\/mypalomar-eservices\/\" \/>\n<meta property=\"og:site_name\" content=\"Palomar College ESL\" \/>\n<meta property=\"article:modified_time\" content=\"2025-01-16T20:04:31+00:00\" \/>\n<meta property=\"og:image\" content=\"https:\/\/www.palomar.edu\/esl\/wp-content\/uploads\/sites\/115\/2020\/05\/MyPalomar-Workshop-Flyer-English-e1589177445322.png\" \/>\n\t<meta property=\"og:image:width\" content=\"1433\" \/>\n\t<meta property=\"og:image:height\" content=\"904\" \/>\n\t<meta property=\"og:image:type\" content=\"image\/png\" \/>\n<meta name=\"twitter:card\" content=\"summary_large_image\" \/>\n<meta name=\"twitter:label1\" content=\"Est. reading time\" \/>\n\t<meta name=\"twitter:data1\" content=\"2 minutes\" \/>\n<script type=\"application\/ld+json\" class=\"yoast-schema-graph\">{\"@context\":\"https:\\\/\\\/schema.org\",\"@graph\":[{\"@type\":\"WebPage\",\"@id\":\"https:\\\/\\\/www.palomar.edu\\\/esl\\\/mypalomar-eservices\\\/\",\"url\":\"https:\\\/\\\/www.palomar.edu\\\/esl\\\/mypalomar-eservices\\\/\",\"name\":\"MyPalomar (Student Account) - Palomar College ESL\",\"isPartOf\":{\"@id\":\"https:\\\/\\\/www.palomar.edu\\\/esl\\\/#website\"},\"primaryImageOfPage\":{\"@id\":\"https:\\\/\\\/www.palomar.edu\\\/esl\\\/mypalomar-eservices\\\/#primaryimage\"},\"image\":{\"@id\":\"https:\\\/\\\/www.palomar.edu\\\/esl\\\/mypalomar-eservices\\\/#primaryimage\"},\"thumbnailUrl\":\"https:\\\/\\\/www.palomar.edu\\\/esl\\\/wp-content\\\/uploads\\\/sites\\\/115\\\/2020\\\/05\\\/MyPalomar-Workshop-Flyer-English-e1589177445322.png\",\"datePublished\":\"2020-05-12T17:00:58+00:00\",\"dateModified\":\"2025-01-16T20:04:31+00:00\",\"breadcrumb\":{\"@id\":\"https:\\\/\\\/www.palomar.edu\\\/esl\\\/mypalomar-eservices\\\/#breadcrumb\"},\"inLanguage\":\"en-US\",\"potentialAction\":[{\"@type\":\"ReadAction\",\"target\":[\"https:\\\/\\\/www.palomar.edu\\\/esl\\\/mypalomar-eservices\\\/\"]}]},{\"@type\":\"ImageObject\",\"inLanguage\":\"en-US\",\"@id\":\"https:\\\/\\\/www.palomar.edu\\\/esl\\\/mypalomar-eservices\\\/#primaryimage\",\"url\":\"https:\\\/\\\/www.palomar.edu\\\/esl\\\/wp-content\\\/uploads\\\/sites\\\/115\\\/2020\\\/05\\\/MyPalomar-Workshop-Flyer-English-e1589177445322.png\",\"contentUrl\":\"https:\\\/\\\/www.palomar.edu\\\/esl\\\/wp-content\\\/uploads\\\/sites\\\/115\\\/2020\\\/05\\\/MyPalomar-Workshop-Flyer-English-e1589177445322.png\",\"width\":1433,\"height\":904},{\"@type\":\"BreadcrumbList\",\"@id\":\"https:\\\/\\\/www.palomar.edu\\\/esl\\\/mypalomar-eservices\\\/#breadcrumb\",\"itemListElement\":[{\"@type\":\"ListItem\",\"position\":1,\"name\":\"Home\",\"item\":\"https:\\\/\\\/www.palomar.edu\\\/esl\\\/\"},{\"@type\":\"ListItem\",\"position\":2,\"name\":\"MyPalomar (Student Account)\"}]},{\"@type\":\"WebSite\",\"@id\":\"https:\\\/\\\/www.palomar.edu\\\/esl\\\/#website\",\"url\":\"https:\\\/\\\/www.palomar.edu\\\/esl\\\/\",\"name\":\"Palomar College ESL\",\"description\":\"Start Here; Go Anywhere.\",\"potentialAction\":[{\"@type\":\"SearchAction\",\"target\":{\"@type\":\"EntryPoint\",\"urlTemplate\":\"https:\\\/\\\/www.palomar.edu\\\/esl\\\/?s={search_term_string}\"},\"query-input\":{\"@type\":\"PropertyValueSpecification\",\"valueRequired\":true,\"valueName\":\"search_term_string\"}}],\"inLanguage\":\"en-US\"}]}<\/script>\n<!-- \/ Yoast SEO plugin. -->","yoast_head_json":{"title":"MyPalomar (Student Account) - Palomar College ESL","robots":{"index":"index","follow":"follow","max-snippet":"max-snippet:-1","max-image-preview":"max-image-preview:large","max-video-preview":"max-video-preview:-1"},"canonical":"https:\/\/www.palomar.edu\/esl\/mypalomar-eservices\/","og_locale":"en_US","og_type":"article","og_title":"MyPalomar (Student Account) - Palomar College ESL","og_description":"\u00a0 Workshop:\u00a0 How to use MyPalomar (Student account) Thursdays at 2:30 pm on:\u00a0 January 14 &amp; 21\u00a0\u00a0 **Please check back for more available dates** \u00a0 The ESL Department is offering&hellip; Continue Reading MyPalomar (Student Account)","og_url":"https:\/\/www.palomar.edu\/esl\/mypalomar-eservices\/","og_site_name":"Palomar College ESL","article_modified_time":"2025-01-16T20:04:31+00:00","og_image":[{"width":1433,"height":904,"url":"https:\/\/www.palomar.edu\/esl\/wp-content\/uploads\/sites\/115\/2020\/05\/MyPalomar-Workshop-Flyer-English-e1589177445322.png","type":"image\/png"}],"twitter_card":"summary_large_image","twitter_misc":{"Est. reading time":"2 minutes"},"schema":{"@context":"https:\/\/schema.org","@graph":[{"@type":"WebPage","@id":"https:\/\/www.palomar.edu\/esl\/mypalomar-eservices\/","url":"https:\/\/www.palomar.edu\/esl\/mypalomar-eservices\/","name":"MyPalomar (Student Account) - Palomar College ESL","isPartOf":{"@id":"https:\/\/www.palomar.edu\/esl\/#website"},"primaryImageOfPage":{"@id":"https:\/\/www.palomar.edu\/esl\/mypalomar-eservices\/#primaryimage"},"image":{"@id":"https:\/\/www.palomar.edu\/esl\/mypalomar-eservices\/#primaryimage"},"thumbnailUrl":"https:\/\/www.palomar.edu\/esl\/wp-content\/uploads\/sites\/115\/2020\/05\/MyPalomar-Workshop-Flyer-English-e1589177445322.png","datePublished":"2020-05-12T17:00:58+00:00","dateModified":"2025-01-16T20:04:31+00:00","breadcrumb":{"@id":"https:\/\/www.palomar.edu\/esl\/mypalomar-eservices\/#breadcrumb"},"inLanguage":"en-US","potentialAction":[{"@type":"ReadAction","target":["https:\/\/www.palomar.edu\/esl\/mypalomar-eservices\/"]}]},{"@type":"ImageObject","inLanguage":"en-US","@id":"https:\/\/www.palomar.edu\/esl\/mypalomar-eservices\/#primaryimage","url":"https:\/\/www.palomar.edu\/esl\/wp-content\/uploads\/sites\/115\/2020\/05\/MyPalomar-Workshop-Flyer-English-e1589177445322.png","contentUrl":"https:\/\/www.palomar.edu\/esl\/wp-content\/uploads\/sites\/115\/2020\/05\/MyPalomar-Workshop-Flyer-English-e1589177445322.png","width":1433,"height":904},{"@type":"BreadcrumbList","@id":"https:\/\/www.palomar.edu\/esl\/mypalomar-eservices\/#breadcrumb","itemListElement":[{"@type":"ListItem","position":1,"name":"Home","item":"https:\/\/www.palomar.edu\/esl\/"},{"@type":"ListItem","position":2,"name":"MyPalomar (Student Account)"}]},{"@type":"WebSite","@id":"https:\/\/www.palomar.edu\/esl\/#website","url":"https:\/\/www.palomar.edu\/esl\/","name":"Palomar College ESL","description":"Start Here; Go Anywhere.","potentialAction":[{"@type":"SearchAction","target":{"@type":"EntryPoint","urlTemplate":"https:\/\/www.palomar.edu\/esl\/?s={search_term_string}"},"query-input":{"@type":"PropertyValueSpecification","valueRequired":true,"valueName":"search_term_string"}}],"inLanguage":"en-US"}]}},"jetpack_sharing_enabled":true,"jetpack_shortlink":"https:\/\/wp.me\/P54Rp9-sl","_links":{"self":[{"href":"https:\/\/www.palomar.edu\/esl\/wp-json\/wp\/v2\/pages\/1757","targetHints":{"allow":["GET"]}}],"collection":[{"href":"https:\/\/www.palomar.edu\/esl\/wp-json\/wp\/v2\/pages"}],"about":[{"href":"https:\/\/www.palomar.edu\/esl\/wp-json\/wp\/v2\/types\/page"}],"author":[{"embeddable":true,"href":"https:\/\/www.palomar.edu\/esl\/wp-json\/wp\/v2\/users\/10306"}],"replies":[{"embeddable":true,"href":"https:\/\/www.palomar.edu\/esl\/wp-json\/wp\/v2\/comments?post=1757"}],"version-history":[{"count":4,"href":"https:\/\/www.palomar.edu\/esl\/wp-json\/wp\/v2\/pages\/1757\/revisions"}],"predecessor-version":[{"id":6458,"href":"https:\/\/www.palomar.edu\/esl\/wp-json\/wp\/v2\/pages\/1757\/revisions\/6458"}],"wp:attachment":[{"href":"https:\/\/www.palomar.edu\/esl\/wp-json\/wp\/v2\/media?parent=1757"}],"curies":[{"name":"wp","href":"https:\/\/api.w.org\/{rel}","templated":true}]}}