{"id":1279,"date":"2023-05-21T08:00:11","date_gmt":"2023-05-21T15:00:11","guid":{"rendered":"https:\/\/www.palomar.edu\/ehp\/?page_id=1279"},"modified":"2025-09-21T09:28:58","modified_gmt":"2025-09-21T16:28:58","slug":"carrera-intermedia-en-artes-en-ciencias-politicas-para-la-transferencia-aa-t","status":"publish","type":"page","link":"https:\/\/www.palomar.edu\/ehp\/carrera-intermedia-en-artes-en-ciencias-politicas-para-la-transferencia-aa-t\/","title":{"rendered":"Carrera intermedia en Artes en Ciencias Pol\u00edticas para la Transferencia (AA-T)"},"content":{"rendered":"\n<p><strong>Este t\u00edtulo incluye una selecci\u00f3n de cursos dise\u00f1ados para preparar a los estudiantes para transferirse a los campus de las universidades estatales de California que ofrecen t\u00edtulos de licenciatura en Ciencias Pol\u00edticas. Este t\u00edtulo es ideal para los estudiantes que planean transferirse para estudios adicionales para obtener <a>una licenciatura en<\/a> Ciencias Pol\u00edticas.<\/strong><\/p>\n\n\n\n<p>Se deben cumplir los siguientes requisitos de finalizaci\u00f3n:<\/p>\n\n\n\n<ol class=\"wp-block-list\">\n<li>Finalizaci\u00f3n de 60 unidades semestrales o unidades de 90 trimestres que son elegibles para la transferencia a la Universidad Estatal de California, incluidos los siguientes:\n<ul class=\"wp-block-list\">\n<li>El Curr\u00edculo de Transferencia de Educaci\u00f3n General Inter segmental (IGETC) o los Requisitos de Amplitud de Educaci\u00f3n General de la Universidad Estatal de California.<\/li>\n\n\n\n<li>Un m\u00ednimo de 18 unidades semestrales o 27 unidades trimestrales en una especialidad o \u00e1rea de \u00e9nfasis, seg\u00fan lo determine el distrito del colegio comunitario.<\/li>\n<\/ul>\n<\/li>\n\n\n\n<li><strong>Obtenci\u00f3n de un promedio m\u00ednimo de calificaciones de 2.0<\/strong><\/li>\n<\/ol>\n\n\n\n<p>Los ADT tambi\u00e9n requieren que los estudiantes obtengan una C o mejor en todos los cursos requeridos para la especialidad o \u00e1rea de \u00e9nfasis. Una calificaci\u00f3n &#8220;P&#8221; (Aprobado) no es una calificaci\u00f3n aceptable para los cursos en esta especialidad.<\/p>\n\n\n\n<p><strong>Requisitos de clases para obtener el T\u00edtulo de AA-T en Ciencias Pol\u00edticas<\/strong> &#8211; <strong>Todas las clases ser\u00e1n impartidas en ingl\u00e9s<\/strong><\/p>\n\n\n\n<ol class=\"wp-block-list\">\n<li><strong>Clases de Enfoque requerido <\/strong>&#8211; <strong>Unidades: 7<\/strong>\n<ul class=\"wp-block-list\">\n<li>POLS C1000: Introducci\u00f3n a la Pol\u00edtica y las Instituciones Pol\u00edticas Americanas  y Introducci\u00f3n al Gobierno de Estados Unidos y California &#8211; 4 unidades<\/li>\n\n\n\n<li>POSC 103: Introducci\u00f3n a la Pol\u00edtica Comparada<\/li>\n<\/ul>\n<\/li>\n\n\n\n<li><strong>Lista A: <\/strong>Seleccione una (3 unidades) &#8211;&nbsp;<strong>Unidades: 10<\/strong> &nbsp;&nbsp;&nbsp;\n<ul class=\"wp-block-list\">\n<li>POSC 100: Introducci\u00f3n a la Ciencia Pol\u00edtica- 3 unidades &nbsp;&nbsp;&nbsp;&nbsp;&nbsp;&nbsp;&nbsp;&nbsp;&nbsp;&nbsp;&nbsp;&nbsp;&nbsp;&nbsp;&nbsp;&nbsp;&nbsp;&nbsp;&nbsp;&nbsp;&nbsp;&nbsp;&nbsp;&nbsp;&nbsp;&nbsp;&nbsp;&nbsp;&nbsp;&nbsp;&nbsp;&nbsp;&nbsp;&nbsp;&nbsp;<\/li>\n\n\n\n<li>POSC 110: Introducci\u00f3n a la Pol\u00edtica Mundial -3 unidades<\/li>\n\n\n\n<li>PSYC 205: Estad\u00edstica para Ciencias del Comportamiento &#8211; 4 unidades<\/li>\n<\/ul>\n<\/li>\n\n\n\n<li><strong>Lista B: <\/strong>Seleccione dos &#8211; <strong>Unidades: 6<\/strong>\n<ul class=\"wp-block-list\">\n<li>POSC 121 \/ LS 121: Introducci\u00f3n a la Ley &#8211; 3 unidades<\/li>\n\n\n\n<li>LS 240 \/ POSC 240: Libertades y Procedimientos Civiles &#8211; 3 unidades<\/li>\n\n\n\n<li>ECON C1001: Principios de Econom\u00eda (Mirco) &#8211; 3 unidades<\/li>\n\n\n\n<li>ECON C1002: Principios de Econom\u00eda (Macro) &#8211; 3 unidades<\/li>\n\n\n\n<li>HIST 160: Historia del Medio Oriente desde 600 hasta el presente &#8211; 3 unidades<\/li>\n\n\n\n<li>SOC 110: Problemas Sociales &#8211; 3 unidades<\/li>\n<\/ul>\n<\/li>\n<\/ol>\n\n\n\n<p><strong>Total<\/strong>: 20 unidades<\/p>\n","protected":false},"excerpt":{"rendered":"<p>Este t\u00edtulo incluye una selecci\u00f3n de cursos dise\u00f1ados para preparar a los estudiantes para transferirse a los campus de las universidades estatales de California que ofrecen t\u00edtulos de licenciatura en&hellip; <a class=\"continue\" href=\"https:\/\/www.palomar.edu\/ehp\/carrera-intermedia-en-artes-en-ciencias-politicas-para-la-transferencia-aa-t\/\">Continue Reading<span> Carrera intermedia en Artes en Ciencias Pol\u00edticas para la Transferencia (AA-T)<\/span><\/a><\/p>\n","protected":false},"author":10443,"featured_media":0,"parent":0,"menu_order":0,"comment_status":"closed","ping_status":"closed","template":"","meta":{"_acf_changed":false,"jetpack_post_was_ever_published":false,"footnotes":""},"class_list":["post-1279","page","type-page","status-publish","hentry"],"acf":[],"jetpack_sharing_enabled":true,"jetpack_shortlink":"https:\/\/wp.me\/P6Sp36-kD","_links":{"self":[{"href":"https:\/\/www.palomar.edu\/ehp\/wp-json\/wp\/v2\/pages\/1279","targetHints":{"allow":["GET"]}}],"collection":[{"href":"https:\/\/www.palomar.edu\/ehp\/wp-json\/wp\/v2\/pages"}],"about":[{"href":"https:\/\/www.palomar.edu\/ehp\/wp-json\/wp\/v2\/types\/page"}],"author":[{"embeddable":true,"href":"https:\/\/www.palomar.edu\/ehp\/wp-json\/wp\/v2\/users\/10443"}],"replies":[{"embeddable":true,"href":"https:\/\/www.palomar.edu\/ehp\/wp-json\/wp\/v2\/comments?post=1279"}],"version-history":[{"count":7,"href":"https:\/\/www.palomar.edu\/ehp\/wp-json\/wp\/v2\/pages\/1279\/revisions"}],"predecessor-version":[{"id":3626,"href":"https:\/\/www.palomar.edu\/ehp\/wp-json\/wp\/v2\/pages\/1279\/revisions\/3626"}],"wp:attachment":[{"href":"https:\/\/www.palomar.edu\/ehp\/wp-json\/wp\/v2\/media?parent=1279"}],"curies":[{"name":"wp","href":"https:\/\/api.w.org\/{rel}","templated":true}]}}