{"id":81,"date":"2013-10-25T09:39:34","date_gmt":"2013-10-25T16:39:34","guid":{"rendered":"https:\/\/www.palomar.edu\/ecelabschool\/?page_id=81"},"modified":"2026-04-02T09:12:17","modified_gmt":"2026-04-02T16:12:17","slug":"welcome-3","status":"publish","type":"page","link":"https:\/\/www.palomar.edu\/ecelabschool\/","title":{"rendered":"Welcome to the Palomar College ECE Lab School!"},"content":{"rendered":"\n<p><\/p>\n\n\n\n<div class=\"wp-block-columns is-layout-flex wp-container-core-columns-is-layout-28f84493 wp-block-columns-is-layout-flex\">\n<div class=\"wp-block-column is-layout-flow wp-block-column-is-layout-flow\" style=\"flex-basis:33.33%\">\n<figure class=\"wp-block-image size-large is-resized\"><a href=\"https:\/\/www.palomar.edu\/ecelabschool\/wp-content\/uploads\/sites\/94\/2023\/02\/cropped-ECElabSchool-Logo.jpg\"><img loading=\"lazy\" decoding=\"async\" width=\"791\" height=\"1024\" src=\"https:\/\/www.palomar.edu\/ecelabschool\/wp-content\/uploads\/sites\/94\/2023\/02\/cropped-ECElabSchool-Logo-791x1024.jpg\" alt=\"ECE Lab School Logo; Red star with the words &quot;children are rising stars&quot; on it.\" class=\"wp-image-2320\" style=\"aspect-ratio:0.7724708331051103;width:188px;height:auto\" srcset=\"https:\/\/www.palomar.edu\/ecelabschool\/wp-content\/uploads\/sites\/94\/2023\/02\/cropped-ECElabSchool-Logo-791x1024.jpg 791w, https:\/\/www.palomar.edu\/ecelabschool\/wp-content\/uploads\/sites\/94\/2023\/02\/cropped-ECElabSchool-Logo-232x300.jpg 232w, https:\/\/www.palomar.edu\/ecelabschool\/wp-content\/uploads\/sites\/94\/2023\/02\/cropped-ECElabSchool-Logo-768x994.jpg 768w, https:\/\/www.palomar.edu\/ecelabschool\/wp-content\/uploads\/sites\/94\/2023\/02\/cropped-ECElabSchool-Logo.jpg 900w\" sizes=\"auto, (max-width: 791px) 100vw, 791px\" \/><\/a><\/figure>\n<\/div>\n\n\n\n<div class=\"wp-block-column is-layout-flow wp-block-column-is-layout-flow\" style=\"flex-basis:140%\">\n<p>Formerly known as the &#8220;Child Development Center,&#8221; the <strong>Early Childhood Education Lab School (ECELS) <\/strong>consists of two sites.&nbsp;The <a href=\"https:\/\/www.palomar.edu\/ecelabschool\/san-marcos-center-2\" target=\"_blank\" rel=\"noreferrer noopener\"><strong>San Marcos<\/strong><\/a> Early Childhood Education Lab School is licensed for 12 infants (12-24 months) and 108 children, ages 24 months through 5 years old.&nbsp;The <a href=\"https:\/\/www.palomar.edu\/ecelabschool\/escondido-center\"><strong>Escondido<\/strong><\/a>&nbsp;Early Childhood Education Lab School is licensed for 44 children, ages 2.9-5 years.&nbsp; Services are available to children of Palomar College Students, Faculty, and Staff, and to children of Community Parents.&nbsp;All interested families, please fill out the appropriate&nbsp;<a href=\"https:\/\/www.palomar.edu\/ecelabschool\/waitlistapplications\/\" target=\"_blank\" rel=\"noreferrer noopener\">Wait List Application<\/a> form.<\/p>\n\n\n\n<p><a title=\"Funding\/ Subsidized Services\" href=\"https:\/\/www.palomar.edu\/ecelabschool\/san-marcos-center-2\/funding-subsidized-services\">Subsidized services<\/a> are provided to the children of Palomar College Students, and to the children of any family within the community, who qualify\/meet the requirements set forth by the State of California, based on need, family size, and income.<\/p>\n<\/div>\n<\/div>\n\n\n\n<hr class=\"wp-block-separator has-alpha-channel-opacity\" \/>\n\n\n\n<h2 data-wp-context---core-fit-text=\"core\/fit-text::{&quot;fontSize&quot;:&quot;&quot;}\" data-wp-init---core-fit-text=\"core\/fit-text::callbacks.init\" data-wp-interactive data-wp-style--font-size=\"core\/fit-text::context.fontSize\" class=\"wp-block-heading has-text-align-center has-fit-text\"><strong>Now Enrolling!<\/strong><\/h2>\n\n\n\n<h2 class=\"wp-block-heading has-text-align-center\">Apply today by completing our <a href=\"https:\/\/www.palomar.edu\/ecelabschool\/waitlistapplications\/\" data-type=\"page\" data-id=\"203\" target=\"_blank\" rel=\"noreferrer noopener\">waitlist application<\/a>!<\/h2>\n\n\n\n<p class=\"has-text-align-center\">We\u2019re excited to welcome your family into our community.<\/p>\n\n\n\n<hr class=\"wp-block-separator has-alpha-channel-opacity\" \/>\n\n\n\n<h2 class=\"wp-block-heading\">About the ECELS<\/h2>\n\n\n\n<p>Our teaching staff are trained Child Development Specialists and hold Child Development Permits from the California Commission on Teacher Credentialing.&nbsp;Each classroom has a Master Teacher and one or more support staff or assistant teachers.&nbsp;Both sites&nbsp;serve as Lab schools for the Palomar College Child Development Department students and students of other studies on campus.<\/p>\n\n\n\n<p>Each teacher develops a balanced, developmentally appropriate, and flexible program to meet the needs of the children in their classroom. Our program follows the research findings of Jean Piaget and other noted Child Development experts. They state that children of this age need to be active in their learning environment, experiencing the world with all of their senses through <i>\u201chands-on\u201d<\/i> concrete experiences in order to assimilate the information.<\/p>\n\n\n\n<p>The curriculum is planned to be appropriate for the age span of the children within the group and is implemented with attention to the different needs, interests, and developmental levels of each child. Opportunities to explore, investigate, manipulate, observe, and discover are available in the following areas of the curriculum: physical development (including games and activities that foster physical development), dramatic play, language and literacy (storytelling and dramatizing), science, math, art, music\/movement, nutrition, group time (including interaction and sharing), social-emotional development, and water-play.<\/p>\n\n\n\n<p>We respect each child\u2019s individuality and uniqueness<i>.<\/i> We believe that growth takes place in orderly sequences, one stage following another. We believe that the development of the whole child depends on appropriate physical, mental, and social nourishment supplied by the home, school, and community, and that play, both formal and organized, is significant to intellectual growth. We believe it is important for a child to have a pleasant childhood and a good beginning toward a successful life.<\/p>\n\n\n\n<hr class=\"wp-block-separator has-alpha-channel-opacity\" \/>\n\n\n\n<p>In accordance with federal civil rights law and U.S. Department of Agriculture (USDA) civil rights regulations and policies, this institution is prohibited from discriminating on the basis of race, color, national origin, sex (including gender identity and sexual orientation), disability, age, or reprisal or retaliation for prior civil rights activity.<\/p>\n\n\n\n<p>Program information may be made available in languages other than English. Persons with disabilities who require alternative means of communication to obtain program information (e.g., Braille, large print, audiotape, American Sign Language), should contact the responsible state or local agency that administers the program or USDA\u2019s TARGET Center at (202) 720-2600 (voice and TTY) or contact USDA through the Federal Relay Service at (800) 877-8339.<\/p>\n\n\n\n<p>To file a program discrimination complaint, a Complainant should complete a Form AD-3027, <a href=\"https:\/\/www.usda.gov\/sites\/default\/files\/documents\/USDA-OASCR%20P-Complaint-Form-0508-0002-508-11-28-17Fax2Mail.pdf\" target=\"_blank\" rel=\"noreferrer noopener\">USDA Program Discrimination Complaint Form,<\/a> which can be obtained online, from any USDA office, by calling (866) 632-9992, or by writing a letter addressed to USDA. The letter must contain the complainant\u2019s name, address, telephone number, and a written description of the alleged discriminatory action in sufficient detail to inform the Assistant Secretary for Civil Rights (ASCR) about the nature and date of an alleged civil rights violation. The completed AD-3027 form or letter must be submitted to USDA by:<\/p>\n\n\n\n<p><\/p>\n\n\n\n<blockquote class=\"wp-block-quote is-layout-flow wp-block-quote-is-layout-flow\">\n<p>(1) <strong>mail<\/strong>: <\/p>\n\n\n\n<p>U.S. Department of Agriculture<\/p>\n\n\n\n<p>Office of the Assistant Secretary for Civil Rights<\/p>\n\n\n\n<p>1400 Independence Avenue, SW<\/p>\n\n\n\n<p>Washington, D.C. 20250-9410;<\/p>\n\n\n\n<p>(2) <strong>fax<\/strong>: <\/p>\n\n\n\n<p>(833) 256-1665 or (202) 690-7442; or<\/p>\n\n\n\n<p>(3) <strong>email<\/strong>: <\/p>\n\n\n\n<p><a href=\"mailto:program.intake@usda.gov\">Program.Intake@usda.gov<\/a><\/p>\n<\/blockquote>\n\n\n\n<p class=\"has-text-align-left\">This institution is an equal opportunity provider.<\/p>\n\n\n\n<hr class=\"wp-block-separator has-alpha-channel-opacity\" \/>\n\n\n\n<p>USDA Nondiscrimination Statement (Spanish Translation)<\/p>\n\n\n\n<p>De acuerdo con la ley federal de derechos civiles y las normas y pol\u00edticas de derechos civiles del Departamento de Agricultura de los Estados Unidos (USDA), esta entidad est\u00e1 prohibida de discriminar por motivos de raza, color, origen nacional, sexo (incluyendo identidad de g\u00e9nero y orientaci\u00f3n sexual), discapacidad, edad, o represalia o retorsi\u00f3n por actividades previas de derechos civiles.<\/p>\n\n\n\n<p>La informaci\u00f3n sobre el programa puede estar disponible en otros idiomas que no sean el ingl\u00e9s. Las personas con discapacidades que requieren medios alternos de comunicaci\u00f3n para obtener la informaci\u00f3n del programa (por ejemplo, Braille, letra grande, cinta de audio, lenguaje de se\u00f1as americano (ASL), etc.) deben comunicarse con la agencia local o estatal responsable de administrar el programa o con el Centro TARGET del USDA al (202) 720-2600 (voz y TTY) o comun\u00edquese con el USDA a trav\u00e9s del Servicio Federal de Retransmisi\u00f3n al (800) 877-8339.<\/p>\n\n\n\n<p>Para presentar una queja por discriminaci\u00f3n en el programa, el reclamante debe llenar un formulario AD-3027, <a href=\"https:\/\/www.fns.usda.gov\/sites\/default\/files\/resource-files\/usdaprogram-discrimination-complaint-form-spanish.pdf\" target=\"_blank\" rel=\"noreferrer noopener\">formulario de queja por discriminaci\u00f3n en el programa del USDA<\/a>, el cual puede obtenerse en l\u00ednea, de cualquier oficina de USDA, llamando al (866) 632-9992, o escribiendo una carta dirigida a USDA. La carta debe contener el nombre del demandante, la direcci\u00f3n, el n\u00famero de tel\u00e9fono y una descripci\u00f3n escrita de la acci\u00f3n discriminatoria alegada con suficiente detalle para informar al Subsecretario de Derechos Civiles (ASCR) sobre la naturaleza y fecha de una presunta violaci\u00f3n de derechos civiles. El formulation AD-3027 completado o la carta debe presentarse a USDA por:<\/p>\n\n\n\n<blockquote class=\"wp-block-quote is-layout-flow wp-block-quote-is-layout-flow\">\n<p>(1) <strong>correo<\/strong>: <\/p>\n\n\n\n<p>U.S. Department of Agriculture<\/p>\n\n\n\n<p>Office of the Assistant Secretary for Civil Rights<\/p>\n\n\n\n<p>1400 Independence Avenue, SW<\/p>\n\n\n\n<p>Washington, D.C. 20250-9410;<\/p>\n\n\n\n<p>(2) <strong>fax<\/strong>: <\/p>\n\n\n\n<p>(833) 256-1665 or (202) 690-7442; o<\/p>\n\n\n\n<p>(3) <strong>correo electr\u00f3nico<\/strong>: <\/p>\n\n\n\n<p><a href=\"mailto:program.intake@usda.gov\">Program.Intake@usda.gov<\/a><\/p>\n<\/blockquote>\n\n\n\n<p>Esta instituci\u00f3n es un proveedor de igualdad de oportunidades<\/p>\n\n\n\n<hr class=\"wp-block-separator has-alpha-channel-opacity\" \/>\n\n\n\n<p>The&nbsp;Early Childhood Education Lab School is operated on a non-discriminatory basis, giving equal treatment and access to services, without regard to race, creed, color, sex, religion, national origin, or ancestry.<\/p>\n\n\n\n<p>The&nbsp;School policy states, \u201cProgram services and activities for enrolled families shall refrain from religious instruction, worship, or practices\u201d.<\/p>\n\n\n\n<p>In compliance with the Americans with Disabilities Act, the Palomar Community College District Early Childhood Education Lab School welcomes the enrollment of children with disabilities and will provide reasonable accommodation whenever possible to aid access to and participation in services programs, facilities, and activities.<\/p>\n\n\n\n<p class=\"has-text-align-center\">Early Childhood Education Lab School<br>San Marcos Campus<br>1140 West Mission Road<br>San Marcos, CA 92069<br>(760) 744-1150 Ext. 3378<\/p>\n\n\n\n<p>Special thanks to Marie Monforte at <a href=\"https:\/\/www.mariemonfortephotography.com\/\" target=\"_blank\" rel=\"noopener noreferrer\">Marie Monforte Photography&nbsp;<\/a>for the use of several of her photos on our website.<\/p>\n\n\n\n<p><\/p>\n","protected":false},"excerpt":{"rendered":"<p>Formerly known as the &#8220;Child Development Center,&#8221; the Early Childhood Education Lab School (ECELS) consists of two sites.&nbsp;The San Marcos Early Childhood Education Lab School is licensed for 12 infants (12-24 months) and 108 children, ages 24 months through 5 years old.&nbsp;The Escondido&nbsp;Early Childhood Education Lab School is licensed for 44 children, ages 2.9-5 years.&nbsp;&hellip; <a class=\"continue\" href=\"https:\/\/www.palomar.edu\/ecelabschool\/\">Continue Reading<span> Welcome to the Palomar College ECE Lab School!<\/span><\/a><\/p>\n","protected":false},"author":192,"featured_media":571,"parent":0,"menu_order":0,"comment_status":"closed","ping_status":"open","template":"","meta":{"_acf_changed":false,"jetpack_post_was_ever_published":false,"footnotes":""},"class_list":["post-81","page","type-page","status-publish","has-post-thumbnail","hentry"],"acf":[],"jetpack_sharing_enabled":true,"jetpack_shortlink":"https:\/\/wp.me\/P6Sohn-1j","_links":{"self":[{"href":"https:\/\/www.palomar.edu\/ecelabschool\/wp-json\/wp\/v2\/pages\/81","targetHints":{"allow":["GET"]}}],"collection":[{"href":"https:\/\/www.palomar.edu\/ecelabschool\/wp-json\/wp\/v2\/pages"}],"about":[{"href":"https:\/\/www.palomar.edu\/ecelabschool\/wp-json\/wp\/v2\/types\/page"}],"author":[{"embeddable":true,"href":"https:\/\/www.palomar.edu\/ecelabschool\/wp-json\/wp\/v2\/users\/192"}],"replies":[{"embeddable":true,"href":"https:\/\/www.palomar.edu\/ecelabschool\/wp-json\/wp\/v2\/comments?post=81"}],"version-history":[{"count":14,"href":"https:\/\/www.palomar.edu\/ecelabschool\/wp-json\/wp\/v2\/pages\/81\/revisions"}],"predecessor-version":[{"id":2612,"href":"https:\/\/www.palomar.edu\/ecelabschool\/wp-json\/wp\/v2\/pages\/81\/revisions\/2612"}],"wp:featuredmedia":[{"embeddable":true,"href":"https:\/\/www.palomar.edu\/ecelabschool\/wp-json\/wp\/v2\/media\/571"}],"wp:attachment":[{"href":"https:\/\/www.palomar.edu\/ecelabschool\/wp-json\/wp\/v2\/media?parent=81"}],"curies":[{"name":"wp","href":"https:\/\/api.w.org\/{rel}","templated":true}]}}