{"id":231,"date":"2013-11-13T08:45:11","date_gmt":"2013-11-13T16:45:11","guid":{"rendered":"https:\/\/www.palomar.edu\/ecelabschool\/?page_id=231"},"modified":"2026-04-02T09:17:48","modified_gmt":"2026-04-02T16:17:48","slug":"san-marcos-center-2","status":"publish","type":"page","link":"https:\/\/www.palomar.edu\/ecelabschool\/san-marcos-center-2\/","title":{"rendered":"San Marcos Site"},"content":{"rendered":"\n<p>Services are available to:<\/p>\n\n\n\n<ul class=\"wp-block-list\">\n<li>Children of Palomar College Students<\/li>\n\n\n\n<li>Children of Palomar College Faculty and Staff<\/li>\n\n\n\n<li>Children of Community Families (Anyone living within the surrounding area)<\/li>\n<\/ul>\n\n\n\n<p>The San Marcos Early Childhood Education Lab School (ECELS) is open year-round, Monday through Friday from 7:30 a.m. to 5:30 p.m. (hours are subject to change).\u00a0The ECELS serves children <span style=\"margin: 0px;padding: 0px\">from\u00a0<strong>12 months to 5 years old.<\/strong><\/span>\u00a0<\/p>\n\n\n\n<h3 class=\"wp-block-heading\"><strong>Now Enrolling!<\/strong><\/h3>\n\n\n\n<p>Now&nbsp;accepting&nbsp;<a href=\"https:\/\/www.palomar.edu\/ecelabschool\/waitlistapplications\/\"><strong>Waitlist Applications<\/strong><\/a>. All families must complete the application, as applying places your child or child(ren) on the waiting list. <strong><em><strong>Incomplete applications will not be processed, so please answer all required <span style=\"color: #000000\">fields.<\/span><\/strong><\/em><\/strong><\/p>\n\n\n\n<p><span style=\"text-decoration: underline\"><span style=\"color: #227095;text-decoration: underline\"><a style=\"color: #227095;text-decoration: underline\" title=\"Funding\/ Subsidized Services\" href=\"https:\/\/www.palomar.edu\/ecelabschool\/san-marcos-center-2\/funding-subsidized-services\"><strong>Funding\/ subsidized&nbsp;services<\/strong><\/a><\/span><\/span> are offered for Palomar College students\/ community families who qualify.<\/p>\n\n\n\n<h3 class=\"wp-block-heading\"><strong>New School Site<\/strong><\/h3>\n\n\n\n<p>We moved to our new site on the San Marcos campus in March 2016. We are located off of Borden Road, just past the soccer field, adjacent to Parking Lot 9.<\/p>\n\n\n\n<p>Check out these <a href=\"https:\/\/www.palomar.edu\/ecelabschool\/new-child-development-center-on-campus\" target=\"_blank\" rel=\"noreferrer noopener\">photos and video of the new ECELS San Marcos site<\/a>. <\/p>\n\n\n\n<hr class=\"wp-block-separator has-alpha-channel-opacity\" \/>\n\n\n\n<h1 class=\"wp-block-heading\">Fees and Enrollment Schedules<\/h1>\n\n\n\n<p><a href=\"https:\/\/www.palomar.edu\/ecelabschool\/wp-content\/uploads\/sites\/94\/2025\/06\/Enrollment-and-Fee-Information-2025-26.pdf\" target=\"_blank\" rel=\"noreferrer noopener\">Fee Schedule 2025-26<\/a><\/p>\n\n\n\n<p>Requests for a schedule other than those listed will be handled on a case-by-case basis.\u00a0While we will do our best to accommodate families, consideration must also be given to our program goal of full enrollment.\u00a0If a special request is granted that later prevents us from enrolling a new family, a two-week notice will be given, alerting the family that a schedule change will be required.<\/p>\n\n\n\n<hr class=\"wp-block-separator has-alpha-channel-opacity\" \/>\n\n\n\n<h1 class=\"wp-block-heading\">Calendar<\/h1>\n\n\n\n<p><a href=\"https:\/\/www.palomar.edu\/ecelabschool\/wp-content\/uploads\/sites\/94\/2025\/06\/SM-Parent-Calendar-25-26.pdf\" target=\"_blank\" rel=\"noreferrer noopener\">2025-26 ECELS San Marcos Calendar<\/a><\/p>\n\n\n\n<hr class=\"wp-block-separator has-alpha-channel-opacity\" \/>\n\n\n\n<h1 class=\"wp-block-heading\">Immunizations<\/h1>\n\n\n\n<p>At the time of enrollment, we must have your child&#8217;s <strong>up-to-date immunization record<\/strong>. The ECELS follows the immunization requirements that are made by the County of San Diego and the State of California. As of January 1, 2016, a new law is in effect. Please see the documents below for more information on immunization requirements and the law.\u00a0 <em><strong>I<em>mm<\/em>unization requirements must be met before a child can begin, so please set your child\u2019s start date with this in mind.<\/strong><\/em> The start date on the contract is the date that fees will begin to be incurred; therefore, it is in the parent\u2019s best interest to ensure that immunization requirements have been fully met before committing to a start date.<\/p>\n\n\n\n<p><span style=\"color: #227095;text-decoration: underline\"><span style=\"text-decoration: underline\"><strong><a style=\"color: #227095;text-decoration: underline\" href=\"https:\/\/eziz.org\/assets\/docs\/IMM-222ChildCare.pdf\" target=\"_blank\" rel=\"noopener noreferrer\">Parents&#8217; Guide to Immunizations<\/a><\/strong><\/span><\/span>: Provides parents with information on the requirements for immunizations.\u00a0 Also explains the new laws regarding exemptions.<\/p>\n\n\n\n<p><span style=\"color: #227095\"><strong><span style=\"text-decoration: underline\"><a style=\"color: #227095;text-decoration: underline\" href=\"https:\/\/eziz.org\/assets\/docs\/IMM-230.pdf\" target=\"_blank\" rel=\"noopener noreferrer\">Immunization Requirements<\/a><\/span><\/strong><\/span>: Although designed to assist childcare providers, this document provides additional information on the requirements, specifically regarding when missing doses can be given.<\/p>\n\n\n\n<hr class=\"wp-block-separator has-alpha-channel-opacity\" \/>\n\n\n\n<p>In accordance with Federal civil rights law and U.S. Department of Agriculture (USDA) civil rights regulations and policies, the USDA, its agencies, offices, and employees, and institutions participating in or administering USDA programs are prohibited from discriminating based on race, color, national origin, sex, disability, age, or reprisal or retaliation for prior civil rights activity in any program or activity conducted or funded by USDA.<\/p>\n\n\n\n<p>Persons with disabilities who require alternative means of communication for program information (e.g. Braille, large print, audiotape, American Sign Language, etc.), should contact the Agency (State or local) where they applied for benefits. Individuals who are deaf, hard of hearing, or have speech disabilities may contact USDA through the Federal Relay Service at (800) 877-8339. Additionally, program information may be made available in languages other than English.<\/p>\n\n\n\n<p>To file a program complaint of discrimination, complete the USDA Program Discrimination Complaint Form, (AD-3027) found online at: http:\/\/www.ascr.usda.gov\/complaint_filing_cust.html, and at any USDA office, or write a letter addressed to USDA and provide in the letter all of the information requested in the form. To request a copy of the complaint form, call (866) 632-9992. Submit your completed form or letter to USDA by:<\/p>\n\n\n\n<blockquote class=\"wp-block-quote is-layout-flow wp-block-quote-is-layout-flow\">\n<p>(1) mail: U.S. Department of Agriculture<\/p>\n\n\n\n<p>Office of the Assistant Secretary for Civil Rights<\/p>\n\n\n\n<p>1400 Independence Avenue, SW<\/p>\n\n\n\n<p>Washington, D.C. 20250-9410;<\/p>\n\n\n\n<p>(2) fax: (202) 690-7442; or<\/p>\n\n\n\n<p>(3) email: program.intake@usda.gov.<\/p>\n<\/blockquote>\n\n\n\n<p>This institution is an equal opportunity provider.<\/p>\n\n\n\n<hr class=\"wp-block-separator has-alpha-channel-opacity\" \/>\n\n\n\n<p><strong>USDA Nondiscrimination Statement 2015 (Spanish Translation)<\/strong><\/p>\n\n\n\n<p>De conformidad con la Ley Federal de Derechos Civiles y los reglamentos y pol\u00edticas de derechos civiles del Departamento de Agricultura de los EE. UU. (USDA, por sus siglas en ingl\u00e9s), se proh\u00edbe que el USDA, sus agencias, oficinas, empleados e instituciones que participan o administran programas del USDA discriminen sobre la base de raza, color, nacionalidad, sexo, discapacidad, edad, o en represalia o venganza por actividades previas de derechos civiles en alg\u00fan programa o actividad realizados o financiados por el USDA.<\/p>\n\n\n\n<p>Las personas con discapacidades que necesiten medios alternativos para la comunicaci\u00f3n de la informaci\u00f3n del programa (por ejemplo, sistema Braille, letras grandes, cintas de audio, lenguaje de se\u00f1as americano, etc.), deben ponerse en contacto con la agencia (estatal o local) en la que solicitaron los beneficios. Las personas sordas, con dificultades de audici\u00f3n o discapacidades del habla pueden comunicarse con el USDA por medio del Federal Relay Service [Servicio Federal de Retransmisi\u00f3n] al (800) 877-8339. Adem\u00e1s, la informaci\u00f3n del programa se puede proporcionar en otros idiomas.<\/p>\n\n\n\n<p>Para presentar una denuncia de discriminaci\u00f3n, complete el Formulario de Denuncia de Discriminaci\u00f3n del Programa del USDA, (AD-3027) que est\u00e1 disponible en l\u00ednea en: http:\/\/www.ascr.usda.gov\/complaint_filing_cust.html y en cualquier oficina del USDA, o bien escriba una carta dirigida al USDA e incluya en la carta toda la informaci\u00f3n solicitada en el formulario. Para solicitar una copia del formulario de denuncia, llame al (866) 632-9992. Haga llegar su formulario lleno o carta al USDA por:<\/p>\n\n\n\n<blockquote class=\"wp-block-quote is-layout-flow wp-block-quote-is-layout-flow\">\n<p>(1) correo: U.S. Department of Agriculture<\/p>\n\n\n\n<p>Office of the Assistant Secretary for Civil Rights<\/p>\n\n\n\n<p>1400 Independence Avenue, SW<\/p>\n\n\n\n<p>Washington, D.C. 20250-9410;<\/p>\n\n\n\n<p>(2) fax: (202) 690-7442; o<\/p>\n\n\n\n<p>(3) correo electr\u00f3nico: program.intake@usda.gov.<\/p>\n\n\n\n<p>Esta instituci\u00f3n es un proveedor que ofrece igualdad de oportunidades.<\/p>\n<\/blockquote>\n\n\n\n<p>Esta instituci\u00f3n es un proveedor de igualdad de oportunidades<\/p>\n\n\n\n<hr class=\"wp-block-separator has-alpha-channel-opacity\" \/>\n\n\n\n<p>The Early Childhood Education Lab School is operated on a non-discriminatory basis, giving equal treatment and access to services, without regard to race, creed, color, sex, religion, national origin, or ancestry.<\/p>\n\n\n\n<p>The&nbsp;School policy states, &#8220;Program services and activities for enrolled families shall refrain from religious instruction, worship or practices.&#8221;<\/p>\n\n\n\n<p>In compliance with the Americans with Disabilities Act, the Palomar Community College District Early Childhood Education Lab School welcomes the enrollment of children with disabilities and will provide reasonable accommodation whenever possible to aid access to and participation in services programs, facilities, and activities.<\/p>\n\n\n\n<p class=\"has-text-align-center\">Early Childhood Education Lab School<br>San Marcos Campus<br>1140 West Mission Road<br>San Marcos, CA 92069<br>(760) 744-1150 Ext. 2575<\/p>\n\n\n\n<p class=\"has-text-align-center\">Facility license #372005150 (preschool) &amp; 374845395 (infant)<\/p>\n","protected":false},"excerpt":{"rendered":"<p>Services are available to: The San Marcos Early Childhood Education Lab School (ECELS) is open year-round, Monday through Friday from 7:30 a.m. to 5:30 p.m. (hours are subject to change).\u00a0The ECELS serves children from\u00a012 months to 5 years old.\u00a0 Now Enrolling! Now&nbsp;accepting&nbsp;Waitlist Applications. All families must complete the application, as applying places your child or&hellip; <a class=\"continue\" href=\"https:\/\/www.palomar.edu\/ecelabschool\/san-marcos-center-2\/\">Continue Reading<span> San Marcos Site<\/span><\/a><\/p>\n","protected":false},"author":192,"featured_media":0,"parent":0,"menu_order":0,"comment_status":"closed","ping_status":"open","template":"","meta":{"_acf_changed":false,"jetpack_post_was_ever_published":false,"footnotes":""},"class_list":["post-231","page","type-page","status-publish","hentry"],"acf":[],"jetpack_sharing_enabled":true,"jetpack_shortlink":"https:\/\/wp.me\/P6Sohn-3J","_links":{"self":[{"href":"https:\/\/www.palomar.edu\/ecelabschool\/wp-json\/wp\/v2\/pages\/231","targetHints":{"allow":["GET"]}}],"collection":[{"href":"https:\/\/www.palomar.edu\/ecelabschool\/wp-json\/wp\/v2\/pages"}],"about":[{"href":"https:\/\/www.palomar.edu\/ecelabschool\/wp-json\/wp\/v2\/types\/page"}],"author":[{"embeddable":true,"href":"https:\/\/www.palomar.edu\/ecelabschool\/wp-json\/wp\/v2\/users\/192"}],"replies":[{"embeddable":true,"href":"https:\/\/www.palomar.edu\/ecelabschool\/wp-json\/wp\/v2\/comments?post=231"}],"version-history":[{"count":14,"href":"https:\/\/www.palomar.edu\/ecelabschool\/wp-json\/wp\/v2\/pages\/231\/revisions"}],"predecessor-version":[{"id":2614,"href":"https:\/\/www.palomar.edu\/ecelabschool\/wp-json\/wp\/v2\/pages\/231\/revisions\/2614"}],"wp:attachment":[{"href":"https:\/\/www.palomar.edu\/ecelabschool\/wp-json\/wp\/v2\/media?parent=231"}],"curies":[{"name":"wp","href":"https:\/\/api.w.org\/{rel}","templated":true}]}}