{"id":203,"date":"2013-11-04T13:41:56","date_gmt":"2013-11-04T21:41:56","guid":{"rendered":"https:\/\/www.palomar.edu\/ecelabschool\/?page_id=203"},"modified":"2026-04-02T09:41:03","modified_gmt":"2026-04-02T16:41:03","slug":"waitlistapplications","status":"publish","type":"page","link":"https:\/\/www.palomar.edu\/ecelabschool\/waitlistapplications\/","title":{"rendered":"Waitlist Applications"},"content":{"rendered":"\n<figure class=\"wp-block-image size-large is-resized\"><a href=\"https:\/\/www.palomar.edu\/ecelabschool\/wp-content\/uploads\/sites\/94\/2023\/02\/ECElabSchool-Logo.jpg\"><img loading=\"lazy\" decoding=\"async\" width=\"792\" height=\"1024\" src=\"https:\/\/www.palomar.edu\/ecelabschool\/wp-content\/uploads\/sites\/94\/2023\/02\/ECElabSchool-Logo-792x1024.jpg\" alt=\"ECELS Logo\" class=\"wp-image-2038\" style=\"width:162px;height:auto\" srcset=\"https:\/\/www.palomar.edu\/ecelabschool\/wp-content\/uploads\/sites\/94\/2023\/02\/ECElabSchool-Logo-792x1024.jpg 792w, https:\/\/www.palomar.edu\/ecelabschool\/wp-content\/uploads\/sites\/94\/2023\/02\/ECElabSchool-Logo-232x300.jpg 232w, https:\/\/www.palomar.edu\/ecelabschool\/wp-content\/uploads\/sites\/94\/2023\/02\/ECElabSchool-Logo-768x993.jpg 768w, https:\/\/www.palomar.edu\/ecelabschool\/wp-content\/uploads\/sites\/94\/2023\/02\/ECElabSchool-Logo.jpg 901w\" sizes=\"auto, (max-width: 792px) 100vw, 792px\" \/><\/a><\/figure>\n\n\n\n<h2 class=\"wp-block-heading\">Early Childhood Education Lab School (ECELS)<\/h2>\n\n\n\n<p>The Early Childhood Education Lab School (ECELS) consists of two sites, San Marcos &amp; Escondido. The San Marcos ECELS is licensed for 12 infants (12-24 months) and 108 children, ages 24 months through 5 years old. The Escondido ECELS is licensed for 44 children, ages 2.9-5 years. Services are available to children of Palomar College Students, Faculty, and Staff, and to children of Community Parents. We look forward to sharing our high-quality programs with you!<\/p>\n\n\n\n<p>La Early Childhood Education Lab School (ECELS) consta de dos sitios, San Marcos y Escondido. El ECELS de San Marcos tiene licencia para 12 beb\u00e9s (12-24 meses) y 108 ni\u00f1os, de 24 meses a 5 a\u00f1os de edad. El ECELS de Escondido tiene licencia para 44 ni\u00f1os, de 2.9 a 5 a\u00f1os de edad. Los servicios est\u00e1n disponibles para los hijos de los estudiantes, la facultad y el personal de Palomar College, y para los hijos de los padres de la comunidad. \u00a1Esperamos poder compartir nuestros programas de alta calidad con usted!<\/p>\n\n\n\n<h2 class=\"wp-block-heading\">San Marcos ECELS<\/h2>\n\n\n\n<p>The San Marcos site is open Monday- Friday, from 7:30 AM- 5:30 PM. Enrollment is a minimum of 2 days per week, up to 5 days (full week). The San Marcos site offers both funded and non-funded program options. The funded program is for income-eligible families with children 2.5 &#8211; 5 years old who meet the funding requirements. Our non-funded programs include our infant program (12-24 months old) and our preschool program (2- 5 years old).<\/p>\n\n\n\n<p>El sitio de San Marcos est\u00e1 abierto de lunes a viernes, de 7:30 am a 5:30 pm. La inscripci\u00f3n es un m\u00ednimo de 2 d\u00edas por semana hasta 5 d\u00edas (semana completa). El sitio de San Marcos ofrece opciones de programas financiados y no financiados. El programa financiado es para familias con ingresos elegibles con ni\u00f1os de 2.5 a 5 a\u00f1os que cumplen con los requisitos de financiaci\u00f3n. Nuestros programas no financiados incluyen nuestro programa para beb\u00e9s (de 12 a 24 meses) y nuestro programa preescolar (de 2 a 5 a\u00f1os).<\/p>\n\n\n\n<h2 class=\"wp-block-heading\">Escondido ECELS<\/h2>\n\n\n\n<p>The Escondido site is a CA State Preschool Program (CSPP) that operates both a full and part-day program for children ages 2.9-5 years old. The site is open 7:30 AM &#8211; 5:30 PM for full-day enrollment. The part-day options run Monday &#8211; Friday, 3.5 hours (AM or PM session). Families must qualify for the services according to the CSPP requirements.<\/p>\n\n\n\n<p>El sitio de Escondido es un Programa Preescolar del Estado de California (CSPP) que opera un programa de jornada completa y parcial para ni\u00f1os de 2.9 a 5 a\u00f1os de edad. El sitio est\u00e1 abierto de 7:30 AM a 5:30 PM para inscripci\u00f3n de d\u00eda completo. Las opciones de d\u00eda parcial funcionan de lunes a viernes, 3.5 horas (sesi\u00f3n AM o PM). Las familias deben calificar para los servicios de acuerdo con los requisitos del CSPP.<\/p>\n\n\n\n<hr class=\"wp-block-separator has-alpha-channel-opacity\" \/>\n\n\n\n<h2 class=\"wp-block-heading\">Funding Sources<\/h2>\n\n\n\n<p>Please choose the payment\/funding option that best fits your family. See below for more information about each option.<\/p>\n\n\n\n<p>Elija la opci\u00f3n de pago\/financiaci\u00f3n que mejor se adapte a su familia. Consulte a continuaci\u00f3n para obtener m\u00e1s informaci\u00f3n sobre cada opci\u00f3n.<\/p>\n\n\n\n<div class=\"wp-block-columns are-vertically-aligned-top is-layout-flex wp-container-core-columns-is-layout-28f84493 wp-block-columns-is-layout-flex\">\n<div class=\"wp-block-column is-vertically-aligned-top is-layout-flow wp-block-column-is-layout-flow\">\n<p><strong>Family Paid Tuition \/ Matr\u00edcula pagada por la familia <\/strong><\/p>\n\n\n\n<p>This option is for families who are interested and willing to pay the full monthly tuition without any alternative funding or assistance. This option only applies to the San Marcos campus.<\/p>\n\n\n\n<p>Esta opci\u00f3n es para familias que est\u00e1n interesadas y dispuestas a pagar la matr\u00edcula mensual completa sin ning\u00fan financiamiento o asistencia alternativa. Esta opci\u00f3n s\u00f3lo aplica para el campus de San Marcos.<\/p>\n<\/div>\n\n\n\n<div class=\"wp-block-column is-vertically-aligned-top is-layout-flow wp-block-column-is-layout-flow\">\n<p><strong>Alternate Funding Sources \/ Fuentes de financiaci\u00f3n alternativas <\/strong><\/p>\n\n\n\n<p>This option is for families who are receiving, or applied to receive, alternate funding via YMCA, CDA, or CalWORKs. This option only applies to the San Marcos campus.<\/p>\n\n\n\n<p>Esta opci\u00f3n es para familias que reciben o solicitaron recibir financiaci\u00f3n alternativa a trav\u00e9s de YMCA, CDA o CalWORKs. Esta opci\u00f3n s\u00f3lo aplica para el campus de San Marcos.<\/p>\n<\/div>\n\n\n\n<div class=\"wp-block-column is-vertically-aligned-top is-layout-flow wp-block-column-is-layout-flow\">\n<p><strong>California State Preschool Program (CSPP) \/ Programa preescolar del estado de California (CSPP) <\/strong><\/p>\n\n\n\n<p>Both full-day and part-day CSPP funding is available at both San Marcos and Escondido for families who meet the eligibility requirements listed below.<\/p>\n\n\n\n<p>Los fondos CSPP de d\u00eda completo y parcial est\u00e1n disponibles tanto en San Marcos como en Escondido para las familias que cumplen con los requisitos de elegibilidad que se enumeran a continuaci\u00f3n.<\/p>\n<\/div>\n<\/div>\n\n\n\n<hr class=\"wp-block-separator has-alpha-channel-opacity\" \/>\n\n\n\n<h2 class=\"wp-block-heading\">CSPP Eligibility Requirements \/ Requisitos de elegibilidad del CSPP:<\/h2>\n\n\n\n<p>To qualify for the CSPP, your family must meet one or more of the eligibility categories below AND your child must be turning 3 years old by or before December 1st of the current fiscal year*. After December 1st, children become age-eligible on or after their third birthday.<\/p>\n\n\n\n<p class=\"has-text-align-center\">*Fiscal year runs July 1 &#8211; June 30.<\/p>\n\n\n\n<p>Para calificar para el CSPP, su familia debe cumplir con una o m\u00e1s de las categor\u00edas de elegibilidad a continuaci\u00f3n Y su hijo debe cumplir 3 a\u00f1os, antes del 1 de diciembre del a\u00f1o fiscal actual*. Despu\u00e9s del 1 de diciembre, los ni\u00f1os adquieren la edad elegible a partir de su tercer cumplea\u00f1os.<\/p>\n\n\n\n<p class=\"has-text-align-center\">*El a\u00f1o fiscal va del 1 de julio al 30 de junio.<\/p>\n\n\n\n<p><strong>Eligibility Categories\/Categor\u00edas de elegibilidad:<\/strong><\/p>\n\n\n\n<ul class=\"wp-block-list\">\n<li>Your family is income eligible (see income caps below) \/ Su familia es elegible seg\u00fan sus ingresos (consulte los l\u00edmites de ingresos a continuaci\u00f3n)<\/li>\n<\/ul>\n\n\n\n<figure class=\"wp-block-table aligncenter is-style-stripes\"><table><tbody><tr><td>Family Size \/<br>Tama\u00f1o de la familia<\/td><td>Gross Monthly Income (must be at or below the cap) \/<br>Ingreso mensual bruto (debe ser igual o inferior al l\u00edmite)<\/td><\/tr><tr><td>1-2<\/td><td>$8,071<\/td><\/tr><tr><td>3<\/td><td>$9,159<\/td><\/tr><tr><td>4<\/td><td>$10,612<\/td><\/tr><tr><td>5<\/td><td>$12,309<\/td><\/tr><tr><td>6<\/td><td>$14,007<\/td><\/tr><tr><td>7<\/td><td>$14,326<\/td><\/tr><tr><td>8<\/td><td>$14,644<\/td><\/tr><tr><td>9<\/td><td>$14,962<\/td><\/tr><tr><td>10<\/td><td>$15,281<\/td><\/tr><tr><td>11<\/td><td>$15,599<\/td><\/tr><tr><td>12+<\/td><td>$15,917<\/td><\/tr><\/tbody><\/table><\/figure>\n\n\n\n<ul class=\"wp-block-list\">\n<li>Your family is experiencing homelessness \/ Su familia se encuentra sin hogar<\/li>\n\n\n\n<li>Your family is a current aid recipient \/ Su familia actualmente recibe ayuda<\/li>\n\n\n\n<li>The child is a recipient of child protective services or is identified as being abused, neglected, exploited, or at-risk \/ El ni\u00f1o recibe servicios de protecci\u00f3n infantil o est\u00e1 identificado como v\u00edctima de abuso, abandono, explotaci\u00f3n o riesgo.<\/li>\n\n\n\n<li>The child has a documented disability or exceptional needs (for example: an IEP or IFSP) \/ El ni\u00f1o tiene una discapacidad documentada o necesidades excepcionales (por ejemplo: un IEP o IFSP)<\/li>\n\n\n\n<li>The family has a member of their household who receives benefits from one or more of the following programs: \/ La familia tiene un miembro de su hogar que recibe beneficios de uno o m\u00e1s de los siguientes programas:\n<ul class=\"wp-block-list\">\n<li>Medi-Cal<\/li>\n\n\n\n<li>CalFresh<\/li>\n\n\n\n<li>The California Food Assistance Program<\/li>\n\n\n\n<li>The California Special Supplemental Nutrition Program for Women, Infants, &amp; Children (WIC)<\/li>\n\n\n\n<li>The Federal Food Distribution Program on Indian Reservations (FDPIR)<\/li>\n\n\n\n<li>Head Start\/Early Head Start<\/li>\n\n\n\n<li>CalWORKs<\/li>\n<\/ul>\n<\/li>\n<\/ul>\n\n\n\n<hr class=\"wp-block-separator has-alpha-channel-opacity\" \/>\n\n\n<script>\nvar gform;gform||(document.addEventListener(\"gform_main_scripts_loaded\",function(){gform.scriptsLoaded=!0}),document.addEventListener(\"gform\/theme\/scripts_loaded\",function(){gform.themeScriptsLoaded=!0}),window.addEventListener(\"DOMContentLoaded\",function(){gform.domLoaded=!0}),gform={domLoaded:!1,scriptsLoaded:!1,themeScriptsLoaded:!1,isFormEditor:()=>\"function\"==typeof InitializeEditor,callIfLoaded:function(o){return!(!gform.domLoaded||!gform.scriptsLoaded||!gform.themeScriptsLoaded&&!gform.isFormEditor()||(gform.isFormEditor()&&console.warn(\"The use of gform.initializeOnLoaded() is deprecated in the form editor context and will be removed in Gravity Forms 3.1.\"),o(),0))},initializeOnLoaded:function(o){gform.callIfLoaded(o)||(document.addEventListener(\"gform_main_scripts_loaded\",()=>{gform.scriptsLoaded=!0,gform.callIfLoaded(o)}),document.addEventListener(\"gform\/theme\/scripts_loaded\",()=>{gform.themeScriptsLoaded=!0,gform.callIfLoaded(o)}),window.addEventListener(\"DOMContentLoaded\",()=>{gform.domLoaded=!0,gform.callIfLoaded(o)}))},hooks:{action:{},filter:{}},addAction:function(o,r,e,t){gform.addHook(\"action\",o,r,e,t)},addFilter:function(o,r,e,t){gform.addHook(\"filter\",o,r,e,t)},doAction:function(o){gform.doHook(\"action\",o,arguments)},applyFilters:function(o){return gform.doHook(\"filter\",o,arguments)},removeAction:function(o,r){gform.removeHook(\"action\",o,r)},removeFilter:function(o,r,e){gform.removeHook(\"filter\",o,r,e)},addHook:function(o,r,e,t,n){null==gform.hooks[o][r]&&(gform.hooks[o][r]=[]);var d=gform.hooks[o][r];null==n&&(n=r+\"_\"+d.length),gform.hooks[o][r].push({tag:n,callable:e,priority:t=null==t?10:t})},doHook:function(r,o,e){var t;if(e=Array.prototype.slice.call(e,1),null!=gform.hooks[r][o]&&((o=gform.hooks[r][o]).sort(function(o,r){return o.priority-r.priority}),o.forEach(function(o){\"function\"!=typeof(t=o.callable)&&(t=window[t]),\"action\"==r?t.apply(null,e):e[0]=t.apply(null,e)})),\"filter\"==r)return e[0]},removeHook:function(o,r,t,n){var e;null!=gform.hooks[o][r]&&(e=(e=gform.hooks[o][r]).filter(function(o,r,e){return!!(null!=n&&n!=o.tag||null!=t&&t!=o.priority)}),gform.hooks[o][r]=e)}});\n<\/script>\n\n                <div class='gf_browser_gecko gform_wrapper gravity-theme gform-theme--no-framework' data-form-theme='gravity-theme' data-form-index='0' id='gform_wrapper_10' >\n                        <div class='gform_heading'>\n                            <h2 class=\"gform_title\">Palomar ECELS Wait List Questionnaire<\/h2>\n                            <p class='gform_description'>After completing this Palomar ECELS Wait List Questionnaire, families will be directed to the ECELS waitlist application. \/ Despu\u00e9s de completar este Cuestionario de lista de espera de Palomar ECELS, las familias ser\u00e1n dirigidas a la solicitud de lista de espera de ECELS.<\/p>\n\t\t\t\t\t\t\t<p class='gform_required_legend'>&quot;<span class=\"gfield_required gfield_required_asterisk\">*<\/span>&quot; indicates required fields<\/p>\n                        <\/div><form method='post' enctype='multipart\/form-data'  id='gform_10'  action='\/ecelabschool\/wp-json\/wp\/v2\/pages\/203' data-formid='10' novalidate>\n                        <div class='gform-body gform_body'><div id='gform_fields_10' class='gform_fields top_label form_sublabel_below description_below validation_below'><fieldset id=\"field_10_96\" class=\"gfield gfield--type-radio gfield--type-choice gfield--width-full gfield_contains_required field_sublabel_below gfield--no-description field_description_below field_validation_below gfield_visibility_visible\"  ><legend class='gfield_label gform-field-label' >Payment\/Funding Options &#8211; Opciones de pago\/financiaci\u00f3n<span class=\"gfield_required\"><span class=\"gfield_required gfield_required_asterisk\">*<\/span><\/span><\/legend><div class='ginput_container ginput_container_radio'><div class='gfield_radio' id='input_10_96'>\n\t\t\t<div class='gchoice gchoice_10_96_0'>\n\t\t\t\t\t<input class='gfield-choice-input' name='input_96' type='radio' value='Family paid tuition - Matr\u00edcula pagada por la familia'  id='choice_10_96_0' onchange='gformToggleRadioOther( this )'    \/>\n\t\t\t\t\t<label for='choice_10_96_0' id='label_10_96_0' class='gform-field-label gform-field-label--type-inline'>Family paid tuition &#8211; Matr\u00edcula pagada por la familia<\/label>\n\t\t\t<\/div>\n\t\t\t<div class='gchoice gchoice_10_96_1'>\n\t\t\t\t\t<input class='gfield-choice-input' name='input_96' type='radio' value='Alternate funding sources (YMCA\/CDA\/CalWORKS\/etc.) - Fuentes de financiaci\u00f3n alternativas (YMCA\/CDA\/CalWORKS\/etc.)'  id='choice_10_96_1' onchange='gformToggleRadioOther( this )'    \/>\n\t\t\t\t\t<label for='choice_10_96_1' id='label_10_96_1' class='gform-field-label gform-field-label--type-inline'>Alternate funding sources (YMCA\/CDA\/CalWORKS\/etc.) &#8211; Fuentes de financiaci\u00f3n alternativas (YMCA\/CDA\/CalWORKS\/etc.)<\/label>\n\t\t\t<\/div>\n\t\t\t<div class='gchoice gchoice_10_96_2'>\n\t\t\t\t\t<input class='gfield-choice-input' name='input_96' type='radio' value='California State Preschool Program (CSPP) Funding ONLY - Financiamiento del Programa Preescolar del Estado de California (CSPP) SOLAMENTE'  id='choice_10_96_2' onchange='gformToggleRadioOther( this )'    \/>\n\t\t\t\t\t<label for='choice_10_96_2' id='label_10_96_2' class='gform-field-label gform-field-label--type-inline'>California State Preschool Program (CSPP) Funding ONLY &#8211; Financiamiento del Programa Preescolar del Estado de California (CSPP) SOLAMENTE<\/label>\n\t\t\t<\/div><\/div><\/div><\/fieldset><\/div><\/div>\n        <div class='gform-footer gform_footer top_label'> <input type='submit' id='gform_submit_button_10' class='gform_button button' onclick='gform.submission.handleButtonClick(this);' data-submission-type='submit' value='Submit'  \/> \n            <input type='hidden' class='gform_hidden' name='gform_submission_method' data-js='gform_submission_method_10' value='postback' \/>\n            <input type='hidden' class='gform_hidden' name='gform_theme' data-js='gform_theme_10' id='gform_theme_10' value='gravity-theme' \/>\n            <input type='hidden' class='gform_hidden' name='gform_style_settings' data-js='gform_style_settings_10' id='gform_style_settings_10' value='{&quot;inputPrimaryColor&quot;:&quot;#204ce5&quot;}' \/>\n            <input type='hidden' class='gform_hidden' name='is_submit_10' value='1' \/>\n            <input type='hidden' class='gform_hidden' name='gform_submit' value='10' \/>\n            \n            <input type='hidden' class='gform_hidden' name='gform_unique_id' value='' \/>\n            <input type='hidden' class='gform_hidden' name='state_10' value='WyJbXSIsIjcwZDNhZTZhYzExODkxOTA0ODVjNzY5N2U5YjE0OTE1Il0=' \/>\n            <input type='hidden' autocomplete='off' class='gform_hidden' name='gform_target_page_number_10' id='gform_target_page_number_10' value='0' \/>\n            <input type='hidden' autocomplete='off' class='gform_hidden' name='gform_source_page_number_10' id='gform_source_page_number_10' value='1' \/>\n            <input type='hidden' name='gform_field_values' value='' \/>\n            \n        <\/div>\n                        <p style=\"display: none !important;\" class=\"akismet-fields-container\" data-prefix=\"ak_\"><label>&#916;<textarea name=\"ak_hp_textarea\" cols=\"45\" rows=\"8\" maxlength=\"100\"><\/textarea><\/label><input type=\"hidden\" id=\"ak_js_1\" name=\"ak_js\" value=\"84\"\/><script>document.getElementById( \"ak_js_1\" ).setAttribute( \"value\", ( new Date() ).getTime() );<\/script><\/p><\/form>\n                        <\/div><script>\ngform.initializeOnLoaded( function() {gformInitSpinner( 10, 'https:\/\/www.palomar.edu\/ecelabschool\/wp-content\/plugins\/gravityforms\/images\/spinner.svg', true );jQuery('#gform_ajax_frame_10').on('load',function(){var contents = jQuery(this).contents().find('*').html();var is_postback = contents.indexOf('GF_AJAX_POSTBACK') >= 0;if(!is_postback){return;}var form_content = jQuery(this).contents().find('#gform_wrapper_10');var is_confirmation = jQuery(this).contents().find('#gform_confirmation_wrapper_10').length > 0;var is_redirect = contents.indexOf('gformRedirect(){') >= 0;var is_form = form_content.length > 0 && ! is_redirect && ! is_confirmation;var mt = parseInt(jQuery('html').css('margin-top'), 10) + parseInt(jQuery('body').css('margin-top'), 10) + 100;if(is_form){jQuery('#gform_wrapper_10').html(form_content.html());if(form_content.hasClass('gform_validation_error')){jQuery('#gform_wrapper_10').addClass('gform_validation_error');} else {jQuery('#gform_wrapper_10').removeClass('gform_validation_error');}setTimeout( function() { \/* delay the scroll by 50 milliseconds to fix a bug in chrome *\/  }, 50 );if(window['gformInitDatepicker']) {gformInitDatepicker();}if(window['gformInitPriceFields']) {gformInitPriceFields();}var current_page = jQuery('#gform_source_page_number_10').val();gformInitSpinner( 10, 'https:\/\/www.palomar.edu\/ecelabschool\/wp-content\/plugins\/gravityforms\/images\/spinner.svg', true );jQuery(document).trigger('gform_page_loaded', [10, current_page]);window['gf_submitting_10'] = false;}else if(!is_redirect){var confirmation_content = jQuery(this).contents().find('.GF_AJAX_POSTBACK').html();if(!confirmation_content){confirmation_content = contents;}jQuery('#gform_wrapper_10').replaceWith(confirmation_content);jQuery(document).trigger('gform_confirmation_loaded', [10]);window['gf_submitting_10'] = false;wp.a11y.speak(jQuery('#gform_confirmation_message_10').text());}else{jQuery('#gform_10').append(contents);if(window['gformRedirect']) {gformRedirect();}}jQuery(document).trigger(\"gform_pre_post_render\", [{ formId: \"10\", currentPage: \"current_page\", abort: function() { this.preventDefault(); } }]);        if (event && event.defaultPrevented) {                return;        }        const gformWrapperDiv = document.getElementById( \"gform_wrapper_10\" );        if ( gformWrapperDiv ) {            const visibilitySpan = document.createElement( \"span\" );            visibilitySpan.id = \"gform_visibility_test_10\";            gformWrapperDiv.insertAdjacentElement( \"afterend\", visibilitySpan );        }        const visibilityTestDiv = document.getElementById( \"gform_visibility_test_10\" );        let postRenderFired = false;        function triggerPostRender() {            if ( postRenderFired ) {                return;            }            postRenderFired = true;            gform.core.triggerPostRenderEvents( 10, current_page );            if ( visibilityTestDiv ) {                visibilityTestDiv.parentNode.removeChild( visibilityTestDiv );            }        }        function debounce( func, wait, immediate ) {            var timeout;            return function() {                var context = this, args = arguments;                var later = function() {                    timeout = null;                    if ( !immediate ) func.apply( context, args );                };                var callNow = immediate && !timeout;                clearTimeout( timeout );                timeout = setTimeout( later, wait );                if ( callNow ) func.apply( context, args );            };        }        const debouncedTriggerPostRender = debounce( function() {            triggerPostRender();        }, 200 );        if ( visibilityTestDiv && visibilityTestDiv.offsetParent === null ) {            const observer = new MutationObserver( ( mutations ) => {                mutations.forEach( ( mutation ) => {                    if ( mutation.type === 'attributes' && visibilityTestDiv.offsetParent !== null ) {                        debouncedTriggerPostRender();                        observer.disconnect();                    }                });            });            observer.observe( document.body, {                attributes: true,                childList: false,                subtree: true,                attributeFilter: [ 'style', 'class' ],            });        } else {            triggerPostRender();        }    } );} );\n<\/script>\n","protected":false},"excerpt":{"rendered":"<p>Early Childhood Education Lab School (ECELS) The Early Childhood Education Lab School (ECELS) consists of two sites, San Marcos &amp; Escondido. The San Marcos ECELS is licensed for 12 infants (12-24 months) and 108 children, ages 24 months through 5 years old. The Escondido ECELS is licensed for 44 children, ages 2.9-5 years. Services are&hellip; <a class=\"continue\" href=\"https:\/\/www.palomar.edu\/ecelabschool\/waitlistapplications\/\">Continue Reading<span> Waitlist Applications<\/span><\/a><\/p>\n","protected":false},"author":192,"featured_media":0,"parent":0,"menu_order":0,"comment_status":"closed","ping_status":"open","template":"","meta":{"_acf_changed":false,"jetpack_post_was_ever_published":false,"footnotes":""},"class_list":["post-203","page","type-page","status-publish","hentry"],"acf":[],"jetpack_sharing_enabled":true,"jetpack_shortlink":"https:\/\/wp.me\/P6Sohn-3h","_links":{"self":[{"href":"https:\/\/www.palomar.edu\/ecelabschool\/wp-json\/wp\/v2\/pages\/203","targetHints":{"allow":["GET"]}}],"collection":[{"href":"https:\/\/www.palomar.edu\/ecelabschool\/wp-json\/wp\/v2\/pages"}],"about":[{"href":"https:\/\/www.palomar.edu\/ecelabschool\/wp-json\/wp\/v2\/types\/page"}],"author":[{"embeddable":true,"href":"https:\/\/www.palomar.edu\/ecelabschool\/wp-json\/wp\/v2\/users\/192"}],"replies":[{"embeddable":true,"href":"https:\/\/www.palomar.edu\/ecelabschool\/wp-json\/wp\/v2\/comments?post=203"}],"version-history":[{"count":14,"href":"https:\/\/www.palomar.edu\/ecelabschool\/wp-json\/wp\/v2\/pages\/203\/revisions"}],"predecessor-version":[{"id":2618,"href":"https:\/\/www.palomar.edu\/ecelabschool\/wp-json\/wp\/v2\/pages\/203\/revisions\/2618"}],"wp:attachment":[{"href":"https:\/\/www.palomar.edu\/ecelabschool\/wp-json\/wp\/v2\/media?parent=203"}],"curies":[{"name":"wp","href":"https:\/\/api.w.org\/{rel}","templated":true}]}}