{"id":4051,"date":"2026-02-25T14:37:48","date_gmt":"2026-02-25T22:37:48","guid":{"rendered":"https:\/\/www.palomar.edu\/dream\/?page_id=4051"},"modified":"2026-03-11T14:38:54","modified_gmt":"2026-03-11T21:38:54","slug":"welcome-bienvenidos","status":"publish","type":"page","link":"https:\/\/www.palomar.edu\/dream\/","title":{"rendered":"Welcome\/\u00a1Bienvenidos!"},"content":{"rendered":"\n<p><mark style=\"background-color:#ffffff\" class=\"has-inline-color has-vivid-red-color\"><bdo lang=\"es\" dir=\"ltr\">Para ver esta informaci\u00f3n en espa\u00f1ol seleccion\u00e9 la opci\u00f3n de &#8220;LANGUAGE&#8221; localizada en la parte izquierda del menu. <\/bdo><\/mark><\/p>\n\n\n\n<div class=\"wp-block-buttons is-content-justification-center is-layout-flex wp-container-core-buttons-is-layout-b5994976 wp-block-buttons-is-layout-flex\">\n<div class=\"wp-block-button is-style-fill\"><a class=\"wp-block-button__link has-text-align-center wp-element-button\" href=\"https:\/\/forms.office.com\/r\/sBr0x1ff6a\" style=\"border-style:none;border-width:0px\">Dreamer Success<br>Interest Form<\/a><\/div>\n<\/div>\n\n\n\n<div class=\"wp-block-group is-layout-constrained wp-block-group-is-layout-constrained\">\n<div class=\"wp-block-columns is-layout-flex wp-container-core-columns-is-layout-28f84493 wp-block-columns-is-layout-flex\">\n<div class=\"wp-block-column is-layout-flow wp-block-column-is-layout-flow\" style=\"flex-basis:100%\"><\/div>\n<\/div>\n\n\n\n<details class=\"wp-block-details is-layout-flow wp-block-details-is-layout-flow\"><summary><strong>About the Dreamer Success Program<\/strong><\/summary>\n<p>The Dreamer Success Program supports eligible undocumented and mixed-status students by helping them navigate college, strengthen academic skills, and&nbsp;access&nbsp;resources across Palomar College.&nbsp;The program is dedicated to support eligible undocumented and mixed\u2011status students by helping them navigate college with confidence, build strong academic foundations, and access resources across Palomar College.&nbsp;Working alongside campus departments and community partners, the program focuses on academic support, college knowledge, and student empowerment, helping students build confidence and move forward in their educational goals.&nbsp;<\/p>\n\n\n\n<h2 class=\"wp-block-heading\"><strong>Mission &amp; Purpose<\/strong><\/h2>\n\n\n\n<p>The Dreamer Success Program is committed to creating an environment where eligible undocumented students can access&nbsp;equitable, inclusive, and anti-racist educational opportunities.&nbsp;The purpose of the program is to share knowledge, teach college-going and academic skills, and build social capital so students can successfully navigate college systems and make informed decisions about their education.&nbsp;Through this supplemental, academic-focused support, students are empowered to shape their own pathways toward academic and life goals.&nbsp;<\/p>\n\n\n\n<h2 class=\"wp-block-heading\"><strong>Our Role on Campus<\/strong><\/h2>\n\n\n\n<p>The Dreamer Success Program works,&nbsp;in collaboration with Palomar College departments and community partners,&nbsp;to&nbsp;better serve&nbsp;undocumented and mix-status&nbsp;students&nbsp;in our program. The program serves as a point of guidance and connection, helping students navigate academic processes, understand college systems, and access&nbsp;appropriate services&nbsp;across campus.&nbsp;<\/p>\n<\/details>\n<\/div>\n\n\n\n<details class=\"wp-block-details is-layout-flow wp-block-details-is-layout-flow\"><summary><strong>Dreamer Success Program Eligibility and Student Responsibilities<\/strong><\/summary>\n<p>Undocumented&nbsp;(Undocumented, DACA, TPS, Asylum, U &amp; T Visas, Special Immigrant Juvenile Status, SIJS)&nbsp;<strong>OR<\/strong>&nbsp;Mixed-&nbsp;status students AND must be enrolled in at least one unit course at Palomar College&nbsp;<\/p>\n\n\n\n<h2 class=\"wp-block-heading\"><strong>Student Responsibilities<\/strong><\/h2>\n\n\n\n<p>Meet with the Dreamer Success Academic Counselor once per semester\u00a0<\/p>\n\n\n\n<p>Meet with Dreamer Success staff once per semester&nbsp;<\/p>\n\n\n\n<p>Attend two Dreamers Success Program workshops\/events per semester\u00a0\u00a0<\/p>\n<\/details>\n\n\n\n<details class=\"wp-block-details is-layout-flow wp-block-details-is-layout-flow\"><summary><strong>Dreamer Success<\/strong> <strong>Program Services<\/strong><\/summary>\n<h2 class=\"wp-block-heading has-medium-font-size\"><strong>Services for Mixed-status students<\/strong><\/h2>\n\n\n\n<ul class=\"wp-block-list\">\n<li>Space in the <bdo lang=\"es\" dir=\"ltr\">Cari\u00f1o<\/bdo> Dream Village: Study area, access to computers and printing<\/li>\n\n\n\n<li>Academic counseling appointments and advising services<\/li>\n\n\n\n<li>Guidance with&nbsp;California&nbsp;Dream Act&nbsp;(CADAA)&nbsp;and Free Application for Federal Student Aid (FAFSA) <\/li>\n\n\n\n<li>Referrals to other&nbsp;student programs at&nbsp;Palomar&nbsp;College<\/li>\n\n\n\n<li>Workshops offered by the Dreamer Success Program&nbsp;<\/li>\n\n\n\n<li>Bilingual staff available in English and Spanish<\/li>\n\n\n\n<li>Emergency&nbsp;Aid (Depending on funding availability) <\/li>\n<\/ul>\n\n\n\n<h2 class=\"wp-block-heading has-medium-font-size\"><strong>Undocumented students with confirmed AB540 status and filed CADAA<\/strong> <strong>OR trying to meet AB540\/CADAA eligibility&nbsp;<\/strong><\/h2>\n\n\n\n<p>Students\u00a0in\u00a0this category\u00a0receive\u00a0<strong>all<\/strong>\u00a0the\u00a0services\u00a0provided to\u00a0mixed-status students and these additional services:<\/p>\n\n\n\n<ul class=\"wp-block-list\">\n<li>Educational supplies<\/li>\n\n\n\n<li>Transportation and food assistance<\/li>\n\n\n\n<li>Book vouchers<\/li>\n\n\n\n<li>AB-540 guidance<\/li>\n\n\n\n<li>Professional development grant (depending on fund availability)<\/li>\n\n\n\n<li>Guidance on Dream Act Service Incentive&nbsp;Grant&nbsp;(DSIG)&nbsp;for eligible students <\/li>\n<\/ul>\n<\/details>\n\n\n\n<details class=\"wp-block-details is-layout-flow wp-block-details-is-layout-flow\"><summary><strong>How to Join the Dreamer Success Program<\/strong><\/summary>\n<p>Submit an <a href=\"https:\/\/forms.office.com\/pages\/responsepage.aspx?id=63ih38oQwECWZ_RzLzOB_riHHewoZ7FHstULOAG2NH5UQTFONElaU0JJNUtKTVhOWUFJSlpVNUg5SS4u&amp;route=shorturl\" data-type=\"link\" data-id=\"https:\/\/forms.office.com\/pages\/responsepage.aspx?id=63ih38oQwECWZ_RzLzOB_riHHewoZ7FHstULOAG2NH5UQTFONElaU0JJNUtKTVhOWUFJSlpVNUg5SS4u&amp;route=shorturl\">Interest Form<\/a><\/p>\n\n\n\n<p>Book an <a href=\"https:\/\/outlook.office365.com\/book\/Bookings-ScheduleanAppointment@palomar.edu\/?ismsaljsauthenabled=true\">Intake Meeting<\/a><\/p>\n\n\n\n<p>Meet student responsibilities each semester<\/p>\n<\/details>\n\n\n\n<details class=\"wp-block-details is-layout-flow wp-block-details-is-layout-flow\"><summary><strong>Book an Appointment with our Staff<\/strong><\/summary>\n<p><strong>If you are NOT a current Dreamer Success Student, please submit an <a href=\"https:\/\/forms.office.com\/pages\/responsepage.aspx?id=63ih38oQwECWZ_RzLzOB_riHHewoZ7FHstULOAG2NH5UQTFONElaU0JJNUtKTVhOWUFJSlpVNUg5SS4u&amp;route=shorturl\">interest form<\/a> before booking an appointment. <\/strong><\/p>\n\n\n\n<p>The Dreamer Success Program offers academic counseling and staff appointments for individualized support and guidance for current and prospective students. We offer both, in-person and virtual appointments. <bdo lang=\"es\" dir=\"ltr\">*Citas pueden ser en espa\u00f1ol.<\/bdo><\/p>\n\n\n\n<h2 class=\"wp-block-heading has-medium-font-size\"><strong>Book with the Dreamer Success Coordinator or Staff for:<\/strong><\/h2>\n\n\n\n<ul class=\"wp-block-list\">\n<li>AB 540 guidance<\/li>\n\n\n\n<li>Financial aid opportunities and guidance<\/li>\n\n\n\n<li>Dreamer Success Program (DSP) intake appointment or DSP semester Check-in<\/li>\n\n\n\n<li>Information on Palomar College resources available for undocumented students<\/li>\n\n\n\n<li>Guidance on the Dream Act Service Incentive Grant (DSIG) for eligible students <\/li>\n<\/ul>\n\n\n\n<div class=\"wp-block-buttons is-layout-flex wp-block-buttons-is-layout-flex\">\n<div class=\"wp-block-button\"><a class=\"wp-block-button__link wp-element-button\" href=\"https:\/\/outlook.office365.com\/book\/Bookings-ScheduleanAppointment@palomar.edu\/?ismsaljsauthenabled=true\">Book an Appointment with Dreamer Success Staff<\/a><\/div>\n<\/div>\n\n\n\n<h2 class=\"wp-block-heading has-medium-font-size\"><strong>Book with the Dreamer Success Program Academic Counselor for:<\/strong><\/h2>\n\n\n\n<ul class=\"wp-block-list\">\n<li>Assistance with SAP Appeal (Satisfactory Academic Progress)<\/li>\n\n\n\n<li>Career &#8211; interpreting personality assessments, developing a career plan, income-generating opportunities (e.g., starting a business, entrepreneurship)<\/li>\n\n\n\n<li>Class Registration<\/li>\n\n\n\n<li>Education plan assistance<\/li>\n\n\n\n<li>Financial aid opportunities and guidance<\/li>\n\n\n\n<li> Graduation Petition<\/li>\n\n\n\n<li>Major Change <\/li>\n\n\n\n<li>Transfer guidance &#8211; major preparation and general education pathways<\/li>\n<\/ul>\n\n\n\n<div class=\"wp-block-buttons is-layout-flex wp-block-buttons-is-layout-flex\">\n<div class=\"wp-block-button\"><a class=\"wp-block-button__link wp-element-button\" href=\"https:\/\/esars.palomar.edu\/SARS\/dreamer_success\/eSARS.asp?WCI=Init&amp;WCE=Settings\">Book an Appointment with the Counselor<\/a><\/div>\n<\/div>\n<\/details>\n\n\n\n<details class=\"wp-block-details is-layout-flow wp-block-details-is-layout-flow\"><summary><strong>AP3415- Immigration Enforcement Activities<\/strong><\/summary>\n<p><a href=\"https:\/\/www.palomar.edu\/deiaa\/immigration-resources\/\" target=\"_blank\" rel=\"noreferrer noopener\">AP 3415<\/a>&nbsp;outlines how Palomar College responds to immigration enforcement activity on campus.&nbsp;&nbsp;For&nbsp;questions related immigration enforcement on campus&nbsp;please contact&nbsp;campus police Campus Police 760-891-7273, or x&nbsp;2289, or&nbsp;<a href=\"mailto:policedispatchers@palomar.edu\" target=\"_blank\" rel=\"noreferrer noopener\">policedispatchers@palomar.edu<\/a>&nbsp;and\/or the office of the president 760-744-1150 x&nbsp;7509 or 2826 or&nbsp;<a href=\"mailto:officeofthepresident@palomar.edu\" target=\"_blank\" rel=\"noreferrer noopener\">officeofthepresident@palomar.edu<\/a>&nbsp;<\/p>\n<\/details>\n\n\n\n<details class=\"wp-block-details is-layout-flow wp-block-details-is-layout-flow\"><summary><strong>Admissions and&nbsp;Financial Aid<\/strong>&nbsp;<\/summary>\n<p>The Dreamer Success program provides&nbsp;<a href=\"https:\/\/www.palomar.edu\/enrollmentservices\/\" target=\"_blank\" rel=\"noreferrer noopener\">AB540<\/a>, CADAA and FAFSA guidance to students in our program.&nbsp;However,&nbsp;please be advised that&nbsp;the&nbsp;review&nbsp;and determination of&nbsp;AB540&nbsp;along with&nbsp;financial aid&nbsp;eligibility is under&nbsp;the purview&nbsp;of the&nbsp;<a href=\"https:\/\/www.palomar.edu\/enrollmentservices\/\" target=\"_blank\" rel=\"noreferrer noopener\">Admission<\/a>&nbsp;and&nbsp;<a href=\"https:\/\/www.palomar.edu\/fa\/\" target=\"_blank\" rel=\"noreferrer noopener\">Financial Aid Office<\/a>. We recommend that students make initial contact with these departments.&nbsp;&nbsp;<\/p>\n<\/details>\n\n\n\n<details class=\"wp-block-details is-layout-flow wp-block-details-is-layout-flow\"><summary><strong>Basic Needs<\/strong><\/summary>\n<p>This program connects students to resources they need to achieve their educational goals. They provide on-campus resources&nbsp;regarding&nbsp;food and clothing&nbsp;assistance. They also connect students to off-campus resources for housing, financial support, and beyond. Students&nbsp;impacted&nbsp;by immigration enforcement needing food and\/or housing support can contact basic needs at: studentlifeandleadership@palomar.edu or by phone:&nbsp;<a href=\"tel:+17607441150\" target=\"_blank\" rel=\"noreferrer noopener\">(760) 744-1150, ext. 2594<\/a>&nbsp;&nbsp;<\/p>\n<\/details>\n\n\n\n<details class=\"wp-block-details is-layout-flow wp-block-details-is-layout-flow\"><summary><strong>Behavioral Health Counseling Services<\/strong><\/summary>\n<p>Provides confidential, culturally informed mental health counseling services for Palomar College students Monday through Friday. These services are FREE for registered Palomar College students as part of the student health fee each semester. Students disclosing or experiencing high level stress or fear due to immigration-related enforcement can access case management through behavioral health services. To schedule an appointment, call 760-891-7531 or stop by NB-2 on the San Marcos campus.<\/p>\n<\/details>\n\n\n\n<details class=\"wp-block-details is-layout-flow wp-block-details-is-layout-flow\"><summary><strong>Free Immigration Legal Services<\/strong><\/summary>\n<p>Palomar College students, staff and faculty are eligible to receive free immigration legal services from Higher Education Legal Services&nbsp;(HELS) accredited representatives. They can&nbsp;assist&nbsp;with DACA renewals, naturalization applications, exploring&nbsp;possible immigration&nbsp;relief options, and much more.<em>&nbsp;<\/em><strong><em>Joining&nbsp;the Dreamer Success Program&nbsp;is not a requirement&nbsp;to access&nbsp;Free&nbsp;immigration legal services.<\/em><\/strong><em>&nbsp;<\/em>&nbsp;If you have any&nbsp;questions or concerns about&nbsp;HELS,&nbsp;please contact them directly.&nbsp;<\/p>\n\n\n\n<p>To book an appointment visit&nbsp;<a href=\"https:\/\/www.jfssd.org\/our-services\/refugees-immigration\/higher-education-legal-services\/\" target=\"_blank\" rel=\"noreferrer noopener\">HELS website<\/a>&nbsp;or call (858) 637-3345.&nbsp;HELS is able to provide assistance in multiple languages.&nbsp;<\/p>\n<\/details>\n\n\n\n<details class=\"wp-block-details is-layout-flow wp-block-details-is-layout-flow\"><summary><strong>Confidentiality<\/strong><\/summary>\n<p>Student personal identifiable information (e.g., Student ID numbers, home address, phone numbers, etc.) is kept confidential. We do not share information with third parties (e.g., extended family, non-profits, government agencies, etc.)<\/p>\n<\/details>\n\n\n\n<div class=\"wp-block-columns is-layout-flex wp-container-core-columns-is-layout-28f84493 wp-block-columns-is-layout-flex\">\n<div class=\"wp-block-column is-layout-flow wp-block-column-is-layout-flow\" style=\"flex-basis:66.66%\">\n<div class=\"alignnormal\"><div id=\"metaslider-id-558\" style=\"width: 100%;\" class=\"ml-slider-3-108-0 metaslider metaslider-flex metaslider-558 ml-slider has-dots-nav ms-theme-default\" role=\"region\" aria-label=\"Homepage\" data-height=\"720\" data-width=\"1280\">\n    <div id=\"metaslider_container_558\">\n        <div id=\"metaslider_558\">\n            <ul aria-live='off' class='slides'>\n                <li style=\"display: block; width: 100%;\" class=\"slide-562 ms-image \" aria-roledescription=\"slide\" data-date=\"2023-12-13 21:11:48\" data-filename=\"MicrosoftTeams-image-16-1.jpg\" data-slide-type=\"image\"><img loading=\"lazy\" decoding=\"async\" src=\"https:\/\/www.palomar.edu\/dream\/wp-content\/uploads\/sites\/289\/2023\/12\/MicrosoftTeams-image-16-1.jpg\" height=\"720\" width=\"1280\" alt=\"\" class=\"slider-558 slide-562 msDefaultImage\" title=\"MicrosoftTeams-image (16)\" \/><\/li>\n                <li style=\"display: none; width: 100%;\" class=\"slide-561 ms-image \" aria-roledescription=\"slide\" data-date=\"2023-12-13 21:11:48\" data-filename=\"IMG_4755-2-scaled-1280x720.jpg\" data-slide-type=\"image\"><img loading=\"lazy\" decoding=\"async\" src=\"https:\/\/www.palomar.edu\/dream\/wp-content\/uploads\/sites\/289\/2023\/12\/IMG_4755-2-scaled-1280x720.jpg\" height=\"720\" width=\"1280\" alt=\"\" class=\"slider-558 slide-561 msDefaultImage\" title=\"IMG_4755 (2)\" \/><\/li>\n                <li style=\"display: none; width: 100%;\" class=\"slide-560 ms-image \" aria-roledescription=\"slide\" data-date=\"2023-12-13 21:11:48\" data-filename=\"UAM-Photo-681x383.jpg\" data-slide-type=\"image\"><img loading=\"lazy\" decoding=\"async\" src=\"https:\/\/www.palomar.edu\/dream\/wp-content\/uploads\/sites\/289\/2024\/10\/UAM-Photo-681x383.jpg\" height=\"720\" width=\"1280\" alt=\"\" class=\"slider-558 slide-560 msDefaultImage\" title=\"UAM Photo\" \/><\/li>\n                <li style=\"display: none; width: 100%;\" class=\"slide-563 ms-image \" aria-roledescription=\"slide\" data-date=\"2023-12-13 21:11:48\" data-filename=\"MicrosoftTeams-image-17.jpg\" data-slide-type=\"image\"><img loading=\"lazy\" decoding=\"async\" src=\"https:\/\/www.palomar.edu\/dream\/wp-content\/uploads\/sites\/289\/2023\/12\/MicrosoftTeams-image-17.jpg\" height=\"720\" width=\"1280\" alt=\"\" class=\"slider-558 slide-563 msDefaultImage\" title=\"MicrosoftTeams-image (17)\" \/><\/li>\n            <\/ul>\n        <\/div>\n        \n    <\/div>\n<\/div><\/div>\n<\/div>\n\n\n\n<div class=\"wp-block-column is-layout-flow wp-block-column-is-layout-flow\" style=\"flex-basis:33.33%\">\n<h2 class=\"wp-block-heading has-text-align-center has-vivid-red-color has-text-color has-link-color wp-elements-a6c3bea455435ff4a3ed8743f45f0b0e\"><a href=\"https:\/\/www.palomar.edu\/dream\/news-and-updates\/\" data-type=\"page\" data-id=\"1499\"><strong>News and Updates<\/strong>!<\/a><\/h2>\n\n\n<ul class=\"wp-block-latest-posts__list wp-block-latest-posts\"><li><a class=\"wp-block-latest-posts__post-title\" href=\"https:\/\/www.palomar.edu\/dream\/2025\/12\/10\/the-monarch-connection-november-2025\/\">The Monarch Connection- November 2025<\/a><div class=\"wp-block-latest-posts__post-excerpt\">View the latest newsletter from Monarch Collection The Monarch Connection\u2026 <a class=\"wp-block-latest-posts__read-more\" href=\"https:\/\/www.palomar.edu\/dream\/2025\/12\/10\/the-monarch-connection-november-2025\/\" rel=\"noopener noreferrer\">Read more<span class=\"screen-reader-text\">: The Monarch Connection- November 2025<\/span><\/a><\/div><\/li>\n<li><a class=\"wp-block-latest-posts__post-title\" href=\"https:\/\/www.palomar.edu\/dream\/2025\/12\/04\/update-on-in-state-tuition-and-financial-aid-for-undocumented-students\/\">Update on In-State Tuition and Financial Aid for Undocumented Students<\/a><div class=\"wp-block-latest-posts__post-excerpt\">View the latest Financial Aid Update from Monarch Collection Update\u2026 <a class=\"wp-block-latest-posts__read-more\" href=\"https:\/\/www.palomar.edu\/dream\/2025\/12\/04\/update-on-in-state-tuition-and-financial-aid-for-undocumented-students\/\" rel=\"noopener noreferrer\">Read more<span class=\"screen-reader-text\">: Update on In-State Tuition and Financial Aid for Undocumented Students<\/span><\/a><\/div><\/li>\n<\/ul><\/div>\n<\/div>\n\n\n\n<p><\/p>\n","protected":false},"excerpt":{"rendered":"<p>Para ver esta informaci\u00f3n en espa\u00f1ol seleccion\u00e9 la opci\u00f3n de &#8220;LANGUAGE&#8221; localizada en la parte izquierda del menu. News and Updates!<\/p>\n","protected":false},"author":11329,"featured_media":0,"parent":0,"menu_order":0,"comment_status":"closed","ping_status":"closed","template":"","meta":{"_acf_changed":false,"_tec_requires_first_save":true,"_EventAllDay":false,"_EventTimezone":"","_EventStartDate":"","_EventEndDate":"","_EventStartDateUTC":"","_EventEndDateUTC":"","_EventShowMap":false,"_EventShowMapLink":false,"_EventURL":"","_EventCost":"","_EventCostDescription":"","_EventCurrencySymbol":"","_EventCurrencyCode":"","_EventCurrencyPosition":"","_EventDateTimeSeparator":"","_EventTimeRangeSeparator":"","_EventOrganizerID":[],"_EventVenueID":[],"_OrganizerEmail":"","_OrganizerPhone":"","_OrganizerWebsite":"","_VenueAddress":"","_VenueCity":"","_VenueCountry":"","_VenueProvince":"","_VenueState":"","_VenueZip":"","_VenuePhone":"","_VenueURL":"","_VenueStateProvince":"","_VenueLat":"","_VenueLng":"","_VenueShowMap":false,"_VenueShowMapLink":false,"_tribe_blocks_recurrence_rules":"","_tribe_blocks_recurrence_description":"","_tribe_blocks_recurrence_exclusions":"","footnotes":""},"class_list":["post-4051","page","type-page","status-publish","hentry"],"acf":[],"_links":{"self":[{"href":"https:\/\/www.palomar.edu\/dream\/wp-json\/wp\/v2\/pages\/4051","targetHints":{"allow":["GET"]}}],"collection":[{"href":"https:\/\/www.palomar.edu\/dream\/wp-json\/wp\/v2\/pages"}],"about":[{"href":"https:\/\/www.palomar.edu\/dream\/wp-json\/wp\/v2\/types\/page"}],"author":[{"embeddable":true,"href":"https:\/\/www.palomar.edu\/dream\/wp-json\/wp\/v2\/users\/11329"}],"replies":[{"embeddable":true,"href":"https:\/\/www.palomar.edu\/dream\/wp-json\/wp\/v2\/comments?post=4051"}],"version-history":[{"count":15,"href":"https:\/\/www.palomar.edu\/dream\/wp-json\/wp\/v2\/pages\/4051\/revisions"}],"predecessor-version":[{"id":4201,"href":"https:\/\/www.palomar.edu\/dream\/wp-json\/wp\/v2\/pages\/4051\/revisions\/4201"}],"wp:attachment":[{"href":"https:\/\/www.palomar.edu\/dream\/wp-json\/wp\/v2\/media?parent=4051"}],"curies":[{"name":"wp","href":"https:\/\/api.w.org\/{rel}","templated":true}]}}