{"id":6333,"date":"2024-04-04T19:23:05","date_gmt":"2024-04-05T02:23:05","guid":{"rendered":"https:\/\/www.palomar.edu\/childdevelopment\/?page_id=6333"},"modified":"2024-07-23T16:53:31","modified_gmt":"2024-07-23T23:53:31","slug":"chdv-101","status":"publish","type":"page","link":"https:\/\/www.palomar.edu\/childdevelopment\/chdv-101\/","title":{"rendered":"CHDV 101 Online Textbook"},"content":{"rendered":"<h2>CHDV 101 Principles and Practices of Teaching Young Children is a ZTC with a free online textbook!<\/h2>\nStudents may access the digital Libre text from their computers and tablets. The etextbook can be viewed directly from the website, or downloaded as a PDF. Students are welcome to print the free PDF, or order a printed copy from the LibreText website for a small fee.\n\nThis LibreText is available in\u00a0 both English and Spanish:\n<h4><a href=\"https:\/\/socialsci.libretexts.org\/Bookshelves\/Early_Childhood_Education\/Principles_and_Practices_of_Teaching_Young_Children_(Stephens_et_al.)\">Principles and Practices of Teaching Young Children (English)<\/a><\/h4>\n<!-- \/wp:post-content --> <!-- wp:paragraph -->\n\n<strong>APA Citation:<\/strong>\nStephens, C., Peterson, G., Eyrich, S. &amp; Paris, J. (2024). Principles and practices of teaching young children. https:\/\/socialsci.libretexts.org\/Bookshelves\/Early_Childhood_Education\/Principles_and_Practices_of_\n\nTeaching_Young_Children_(Stephens_et_al.).\u00a0CC BY 4.0.\n<h4><a href=\"https:\/\/espanol.libretexts.org\/Ciencias_Sociales\/Principios_y_practicas_de_ensenanza_de_ninos_pequenos_(Stephens_et_al.)\">Principios y pr\u00e1cticas de ense\u00f1anza de ni\u00f1os peque\u00f1os (Spanish)<\/a><\/h4>\n<!-- \/wp:paragraph --> <!-- wp:paragraph -->\n\n<strong>APA Citation:<\/strong> Stephens, C., Peterson, G., Eyrich, S. &amp; Paris, J. (2024). Principios y pr\u00e1cticas de ense\u00f1anza de ni\u00f1os peque\u00f1os. https:\/\/socialsci.libretexts.org\/Bookshelves\/Early_Childhood_Education\/Principles_and_Practices_of_\n\nTeaching_Young_Children_(Stephens_et_al.). CC BY 4.0.","protected":false},"excerpt":{"rendered":"<p>CHDV 101 Principles and Practices of Teaching Young Children is a ZTC with a free online textbook! Students may access the digital Libre text from their computers and tablets. The etextbook can be viewed directly from the website, or downloaded as a PDF. Students are welcome to print the free PDF, or order a printed&hellip; <a class=\"continue\" href=\"https:\/\/www.palomar.edu\/childdevelopment\/chdv-101\/\">Continue Reading<span> CHDV 101 Online Textbook<\/span><\/a><\/p>\n","protected":false},"author":348,"featured_media":0,"parent":0,"menu_order":0,"comment_status":"closed","ping_status":"closed","template":"","meta":{"_acf_changed":false,"jetpack_post_was_ever_published":false,"footnotes":""},"class_list":["post-6333","page","type-page","status-publish","hentry"],"acf":[],"jetpack_sharing_enabled":true,"jetpack_shortlink":"https:\/\/wp.me\/Pd756y-1E9","jetpack-related-posts":[{"id":6324,"url":"https:\/\/www.palomar.edu\/childdevelopment\/chdv-172-teaching-in-a-diverse-society\/","url_meta":{"origin":6333,"position":0},"title":"CHDV 172 Online Textbook","author":"Wilson, Gina","date":"April 4, 2024","format":false,"excerpt":"CHDV 172 Teaching in a Diverse Society is a free online textbook, Zero Textbook Cost (ZTC) Students may access the digital Libre text from their computers and tablets. The etextbook can be viewed directly from the website, or downloaded as a PDF. Students are welcome to print the free PDF,\u2026","rel":"","context":"Similar post","block_context":{"text":"Similar post","link":""},"img":{"alt_text":"","src":"","width":0,"height":0},"classes":[]},{"id":4445,"url":"https:\/\/www.palomar.edu\/childdevelopment\/chdv-120-online-textbook\/","url_meta":{"origin":6333,"position":1},"title":"CHDV 120 Online Textbook","author":"Wilson, Gina","date":"August 14, 2020","format":false,"excerpt":"CHDV 120 Health, Safety, and Nutrition is a ZTC with a free online textbook! Students may access the digital Libre text from their computers and tablets. The etextbook can be viewed directly from the website, or downloaded as a PDF. Students are welcome to print the free PDF, or order\u2026","rel":"","context":"Similar post","block_context":{"text":"Similar post","link":""},"img":{"alt_text":"","src":"","width":0,"height":0},"classes":[]},{"id":6445,"url":"https:\/\/www.palomar.edu\/childdevelopment\/chdv-online-textbooks\/chdv-115-child-family-community\/","url_meta":{"origin":6333,"position":2},"title":"CHDV 115 Online Textbook","author":"Sanchez, Tanessa M.","date":"July 11, 2024","format":false,"excerpt":"Students may access the digital LibreText from their computers and tablets. The e-textbook can be viewed directly from the website or downloaded as a PDF. Students are welcome to print the free PDF, or order a printed copy from the LibreText website for a small fee. This LibreText is available\u2026","rel":"","context":"Similar post","block_context":{"text":"Similar post","link":""},"img":{"alt_text":"","src":"","width":0,"height":0},"classes":[]},{"id":4152,"url":"https:\/\/www.palomar.edu\/childdevelopment\/chdv-100-online-textbook\/","url_meta":{"origin":6333,"position":3},"title":"CHDV 100 Online Textbook","author":"Wilson, Gina","date":"December 22, 2019","format":false,"excerpt":"CHDV 100 Child Growth and Development is a free online textbook, Zero Textbook Cost (ZTC) Students may access the digital Libre text from their computers and tablets. The etextbook can be viewed directly from the website, or downloaded as a PDF. Students are welcome to print the free PDF, or\u2026","rel":"","context":"Similar post","block_context":{"text":"Similar post","link":""},"img":{"alt_text":"","src":"","width":0,"height":0},"classes":[]},{"id":5352,"url":"https:\/\/www.palomar.edu\/childdevelopment\/chdv-103-infant-and-toddler-development\/","url_meta":{"origin":6333,"position":4},"title":"CHDV 103 Online Textbook","author":"Wilson, Gina","date":"October 4, 2022","format":false,"excerpt":"CHDV 103 Infant and Toddler Development is a free online textbook, Zero Textbook Cost (ZTC) Students may access the digital Libre text from their computers and tablets. The etextbook can be viewed directly from the website, or downloaded as a PDF. Students are welcome to print the free PDF, or\u2026","rel":"","context":"Similar post","block_context":{"text":"Similar post","link":""},"img":{"alt_text":"","src":"","width":0,"height":0},"classes":[]},{"id":6886,"url":"https:\/\/www.palomar.edu\/childdevelopment\/chdv-145-online-textbook\/","url_meta":{"origin":6333,"position":5},"title":"CHDV 145 Online Textbook","author":"Sanchez, Tanessa M.","date":"May 1, 2025","format":false,"excerpt":"CHDV 145 Understanding Childhood Stress and Trauma is a ZTC with a free online textbook! Students may access the digital LibreText from their computers and tablets. The etextbook can be viewed directly from the website, or downloaded as a PDF. Students are welcome to print the free PDF, or order\u2026","rel":"","context":"Similar post","block_context":{"text":"Similar post","link":""},"img":{"alt_text":"","src":"","width":0,"height":0},"classes":[]}],"_links":{"self":[{"href":"https:\/\/www.palomar.edu\/childdevelopment\/wp-json\/wp\/v2\/pages\/6333","targetHints":{"allow":["GET"]}}],"collection":[{"href":"https:\/\/www.palomar.edu\/childdevelopment\/wp-json\/wp\/v2\/pages"}],"about":[{"href":"https:\/\/www.palomar.edu\/childdevelopment\/wp-json\/wp\/v2\/types\/page"}],"author":[{"embeddable":true,"href":"https:\/\/www.palomar.edu\/childdevelopment\/wp-json\/wp\/v2\/users\/348"}],"replies":[{"embeddable":true,"href":"https:\/\/www.palomar.edu\/childdevelopment\/wp-json\/wp\/v2\/comments?post=6333"}],"version-history":[{"count":7,"href":"https:\/\/www.palomar.edu\/childdevelopment\/wp-json\/wp\/v2\/pages\/6333\/revisions"}],"predecessor-version":[{"id":6507,"href":"https:\/\/www.palomar.edu\/childdevelopment\/wp-json\/wp\/v2\/pages\/6333\/revisions\/6507"}],"wp:attachment":[{"href":"https:\/\/www.palomar.edu\/childdevelopment\/wp-json\/wp\/v2\/media?parent=6333"}],"curies":[{"name":"wp","href":"https:\/\/api.w.org\/{rel}","templated":true}]}}